{"id":90,"date":"2020-05-09T13:49:49","date_gmt":"2020-05-09T11:49:49","guid":{"rendered":"http:\/\/dej-conect.local\/?page_id=90"},"modified":"2023-02-22T19:52:46","modified_gmt":"2023-02-22T18:52:46","slug":"conect-eventmanagement","status":"publish","type":"page","link":"https:\/\/www.conect.at\/en\/ueber-uns\/conect-eventmanagement","title":{"rendered":"CON\u25cfECT Eventmanagement"},"content":{"rendered":"<p>[vc_row][vc_column width=&#8221;1\/3&#8243;][vc_single_image image=&#8221;868&#8243; img_size=&#8221;full&#8221;][\/vc_column][vc_column width=&#8221;1\/3&#8243;][vc_single_image image=&#8221;866&#8243; img_size=&#8221;full&#8221;][\/vc_column][vc_column width=&#8221;1\/3&#8243;][vc_single_image image=&#8221;867&#8243; img_size=&#8221;full&#8221;][\/vc_column][\/vc_row][vc_row][vc_column][vc_column_text]<b>Die IT-Trend Eventagentur<\/b><\/p>\n<p>Mehr als 1000 Veranstaltungen im IT- und Business-Bereich mit \u00fcber 31.000 zufriedenen TeilnehmerInnen sprechen eine klare Sprache: Die IT-Trend-Eventagentur CON\u2022ECT Eventmanagement schl\u00e4gt als Full-Service-Agentur die Br\u00fccke zwischen IT-AnbieterInnen und IT-AnwendernInnen aus den Bereichen Wirtschaft, Forschung und \u00d6ffentlichem Sektor. Gemeinsam mit den gro\u00dfen Key-Playern recherchieren wir IT- und Business-Trendthemen, die wir in Form von bewusstseinsbildenden Events zum richtigen Zeitpunkt kommunizieren.<\/p>\n<p>&nbsp;<\/p>\n<p><b>Das Ausbildungsinstitut<\/b><\/p>\n<p>Wir bilden Sie durch eine zertifizierte Ausbildung und unsere Top-Trainer weiter. Hochkar\u00e4tige Events, ein umfassendes Programm und Topspeaker aus \u00d6sterreich, Deutschland und der Schweiz \u2013 das ist die CON\u2022ECT Business Academy. Hier legen wir gro\u00dfen Wert auf die Verbindung von Business- und IT-Themen. Wir bieten Ihnen zertifizierte Ausbildungsprogramme aus den Bereichen Requirements Engineering, ITIL, ITSM, EAM, DevOps, SIAM, Usability u. IT-Strategie, Software-Architektur, SAFe, Software-Entwicklung und Agilit\u00e4t und vieles mehr an. Diese Weiterbildungen finden sowohl Inhouse, Live Online oder bei uns im Haus als Pr\u00e4senzseminar statt.<\/p>\n<p>&nbsp;<\/p>\n<h4>Themenschwerpunkte:<\/h4>\n<ul>\n<li>Society 5.0<\/li>\n<li>Strategie f\u00fcr Unternehmen<\/li>\n<li>Unternehmensarchitektur und Gesch\u00e4ftserfolg<\/li>\n<li>Agile Trasformation<\/li>\n<li>Software-Entwicklung transformieren<\/li>\n<li>Ver\u00e4nderungsf\u00e4higes Ger\u00fcst<\/li>\n<li>Mit Daten Werte schaffen<\/li>\n<li>Digital Design<\/li>\n<li>Resilienz und Sicherheit<\/li>\n<li>Service Desk und Managed Services<\/li>\n<li>Recruiting und Generationenmanagement<\/li>\n<li>Technologie-Trends<\/li>\n<\/ul>\n<p>Die Konferenzen und Seminare der IT-Trend-Eventagentur CON\u2022ECT Eventmanagement dienen als Networking-Plattform f\u00fcr Business-Kontakte. Wir verf\u00fcgen \u00fcber ein Netzwerk von \u00fcber 750 nationalen und internationalen ExpertInnen und ReferentInnen.[\/vc_column_text][\/vc_column][\/vc_row][vc_row][vc_column offset=&#8221;vc_col-md-4&#8243;][vc_column_text]<\/p>\n<h4>Wissen verbindet!<\/h4>\n<p>Wir schlagen die Br\u00fccke zwischen IT- AnbieterInnen und IT-AnwenderInnen aus Wirtschaft und \u00f6ffentlichem Bereich wie auch zwischen Wirtschaft und Forschung. Unter Mitwirkung der gro\u00dfen Key Player recherchieren wir IT- und Business-Trendthemen und kommunizieren diese zum richtigen Zeitpunkt.[\/vc_column_text][\/vc_column][vc_column offset=&#8221;vc_col-md-4&#8243;][vc_column_text]<\/p>\n<h4>Unsere Erfahrung spricht f\u00fcr uns!<\/h4>\n<p>Wir haben bereits bei ca. 1000 Veranstaltungen im IT- und Business-Bereich mit rund 31.000 zufriedenen TeilnehmerInnen Synergien geschaffen und IT-AnbieterInnen, AnwenderInnen, Kooperationspartner, ExpertInnen und ReferentInnen miteinander vernetzt. Konferenzen und Seminare bei CON\u2022ECT Eventmanagement werden in der Branche als Networking-Plattform f\u00fcr bestehende und neue Business-Kontakte wahrgenommen.<br \/>\n[\/vc_column_text][\/vc_column][vc_column offset=&#8221;vc_col-md-4&#8243;][vc_column_text]<\/p>\n<h4>Ein starkes Netzwerk!<\/h4>\n<p>Mit einem Netzwerk von \u00fcber 750 ExpertInnen und ReferentInnen aus der nationalen und internationalen Branche sowie den Top 500 Unternehmen \u00d6sterreichs setzen wir Technologie- und Business-Themen kompetent in informativen Seminaren und Konferenzen um. Brandaktuelle Themen werden so aus verschiedensten Blickwinkeln diskutiert.[\/vc_column_text][\/vc_column][\/vc_row][vc_row][vc_column][vc_custom_heading text=&#8221;Unsere Testimonials&#8221; font_container=&#8221;tag:h3|text_align:left&#8221; use_theme_fonts=&#8221;yes&#8221;][\/vc_column][vc_column offset=&#8221;vc_col-md-6&#8243;][vc_column_text]<\/p>\n<h4>Peter Stanjeck, USU AG<\/h4>\n<p><img loading=\"lazy\" class=\"size-full wp-image-1007 alignright\" src=\"https:\/\/www.conect.at\/wp-content\/uploads\/2021\/02\/csm_stanjeck_peter_2015_rgb_264811249b.jpg\" alt=\"\" width=\"130\" height=\"173\" srcset=\"https:\/\/www.conect.at\/wp-content\/uploads\/2021\/02\/csm_stanjeck_peter_2015_rgb_264811249b.jpg 130w, https:\/\/www.conect.at\/wp-content\/uploads\/2021\/02\/csm_stanjeck_peter_2015_rgb_264811249b-101x135.jpg 101w, https:\/\/www.conect.at\/wp-content\/uploads\/2021\/02\/csm_stanjeck_peter_2015_rgb_264811249b-113x150.jpg 113w\" sizes=\"(max-width: 130px) 100vw, 130px\" \/><br \/>\n<em>&#8220;Das gro\u00dfe Thema f\u00fcr die n\u00e4chsten Jahre ist die Digitalisierung der Unternehmen. Diese Digitalisierung wird in verschiedensten Gesch\u00e4ftsbereichen Einzug erhalten. Wir als Anbieter von Service Management Softwarel\u00f6sungen erleben diesen Trend hautnah: So managen Unternehmen mit unserer L\u00f6sung inzwischen auch au\u00dferhalb der IT die Prozesse ihrer Servicebereiche digital, beispielsweise im Personalwesen, im Facility Management oder im Controlling. Die CON.ECT ist unser langj\u00e4hriger Gesch\u00e4ftspartner f\u00fcr Veranstaltungen in \u00d6sterreich und in der Schweiz. Die CON.ECT schafft es seit Jahren mit hohem pers\u00f6nlichen Engagement und mit dem richtigen H\u00e4ndchen f\u00fcr die aktuellen IT-Themen viele Interessierte auf Veranstaltungen zu sammeln, diese mit interessanten Vortr\u00e4gen zu versorgen und tr\u00e4gt dadurch wesentlich dazu bei, ein Netzwerk f\u00fcr IT-Interessierte innerhalb von DACH zu erhalten und auszubauen. Die USU AG w\u00fcnscht der CON.ECT weiterhin viel Erfolg und freut sich auf zahlreiche weitere gemeinsame Veranstaltungen und Austauschm\u00f6glichkeiten. Herzlichen Gl\u00fcckwunsch zum 20-J\u00e4hrigen!&#8221;<\/em>[\/vc_column_text][vc_column_text]<\/p>\n<h4>Marcus Scheiblecker, WIFO<\/h4>\n<p><img loading=\"lazy\" class=\"alignright size-full wp-image-1005\" src=\"https:\/\/www.conect.at\/wp-content\/uploads\/2021\/02\/csm_scheiblecker_marcus_2017_rgb_5b5543a724.jpg\" alt=\"\" width=\"130\" height=\"173\" srcset=\"https:\/\/www.conect.at\/wp-content\/uploads\/2021\/02\/csm_scheiblecker_marcus_2017_rgb_5b5543a724.jpg 130w, https:\/\/www.conect.at\/wp-content\/uploads\/2021\/02\/csm_scheiblecker_marcus_2017_rgb_5b5543a724-101x135.jpg 101w, https:\/\/www.conect.at\/wp-content\/uploads\/2021\/02\/csm_scheiblecker_marcus_2017_rgb_5b5543a724-113x150.jpg 113w\" sizes=\"(max-width: 130px) 100vw, 130px\" \/><br \/>\n&#8220;Die Investitionst\u00e4tigkeiten von Unternehmen sind auch im IT-Bereich sehr von den Erwartungen hinsichtlich der zuk\u00fcnftigen Wirtschaftsentwicklung getrieben. Daher sind die aktuelle wie auch die zuk\u00fcnftige Wirtschaftslage entscheidende Treiber des investiven Verhaltens der Unternehmen. Meine Pr\u00e4sentation der konjunkturellen Entwicklung der kommenden Jahre wird daher immer mit gro\u00dfer Aufmerksamkeit verfolgt und ist bereits seit vielen Jahren Fixpunkt der IKT-Trends Veranstaltung.&#8221;[\/vc_column_text][vc_column_text]<\/p>\n<h4>Peter Lieber, Verband \u00d6sterreichscher Software Industrie (V\u00d6SI)<\/h4>\n<p><img loading=\"lazy\" class=\"alignright size-full wp-image-1003\" src=\"https:\/\/www.conect.at\/wp-content\/uploads\/2021\/02\/csm_lieber_peter_2017_rgb_9c8e212ba6.jpg\" alt=\"\" width=\"130\" height=\"173\" srcset=\"https:\/\/www.conect.at\/wp-content\/uploads\/2021\/02\/csm_lieber_peter_2017_rgb_9c8e212ba6.jpg 130w, https:\/\/www.conect.at\/wp-content\/uploads\/2021\/02\/csm_lieber_peter_2017_rgb_9c8e212ba6-101x135.jpg 101w, https:\/\/www.conect.at\/wp-content\/uploads\/2021\/02\/csm_lieber_peter_2017_rgb_9c8e212ba6-113x150.jpg 113w\" sizes=\"(max-width: 130px) 100vw, 130px\" \/><br \/>\n&#8220;Als Pr\u00e4sident des Verbandes \u00d6sterreichischer Software Industrie (V\u00d6SI), der schon 2016 seinen 30er begehen konnte, gratuliere ich Fr. Mag. Hainschink und Ihrem Team sehr herzlich zum 20. Geburtstag von Future Network und Con.Ect Eventmanagement! Uns verbindet ja vor allem das Thema Software, das in Zeiten von Industrie 4.0 und der weiteren Digitalisierung vieler Lebensbereiche immer mehr in den Mittelpunkt der Betrachtungen r\u00fcckt. Der V\u00d6SI begr\u00fc\u00dft alle Aktivit\u00e4ten, die den Stellenwert von Software und IT in \u00d6sterreich herausarbeiten und Menschen durch Fortbildung und Zertifizierung f\u00fcr die Arbeit in dieser herausfordernden Branche qualifizieren. Haben sich in den vergangenen zwei bis drei Jahrzenten schon gro\u00dfe Ver\u00e4nderungen im IT-Umfeld gezeigt, so stehen wir doch erst jetzt vor dem ganz breiten Durchbruch des Digitalen in alle Lebensbereiche. Daher sehen sich auch unsere Organisationen vor gro\u00dfen Herausforderungen, um den Weg der \u00f6sterreichischen Wirtschaft in die Digitalisierung bestm\u00f6glich zu unterst\u00fctzen und durch neue Dienstleistungen zu beschleunigen.&#8221;[\/vc_column_text][vc_column_text]<\/p>\n<h4>Rudolf Siebenhofer, SieITMCi Siebenhofer Consulting e.U.<\/h4>\n<p><img loading=\"lazy\" class=\"alignright size-full wp-image-1006\" src=\"https:\/\/www.conect.at\/wp-content\/uploads\/2021\/02\/csm_siebenhofer_rudolf_2013_rgb_c804cc4cdd.jpg\" alt=\"\" width=\"130\" height=\"162\" srcset=\"https:\/\/www.conect.at\/wp-content\/uploads\/2021\/02\/csm_siebenhofer_rudolf_2013_rgb_c804cc4cdd.jpg 130w, https:\/\/www.conect.at\/wp-content\/uploads\/2021\/02\/csm_siebenhofer_rudolf_2013_rgb_c804cc4cdd-120x150.jpg 120w\" sizes=\"(max-width: 130px) 100vw, 130px\" \/><br \/>\n&#8220;Die Conect Business Academy begleitet mich sowohl als Teilnehmer an Trainings und Veranstaltungen als auch als Anbieter meiner Trainings im Bereich Requirements Engineering, Scrum, KANBAN und Aufwandssch\u00e4tzungen.<\/p>\n<p>F\u00fcr 2017\/18 und die Jahre danach \u2013 vor allem ab 2020 \u2013 sehe ich f\u00fcr Unternehmen gro\u00dfe Herausforderungen , den Bedarf an geeigneten und gut ausgebildeten IT-Fachkr\u00e4ften zu decken, denn die demographische Entwicklung des Ausscheidens der Babyboomer aus dem Berufsleben ist nicht aufzuhalten.<\/p>\n<p>Ich sch\u00e4tze an Conect, dass f\u00fcr aktuelle Themen der IT und Softwareentwicklung bedarfsorientierte Trainings bereitgestellt werden \u2013 sowohl f\u00fcr Requirements Engineering, IT-Security, Software Architektur und Agilit\u00e4t.<\/p>\n<p>Als Gesch\u00e4ftspartner sch\u00e4tze ich an Conect die kontinuierliche und vertrauensvolle langj\u00e4hrige Zusammenarbeit und das exzellente Netzwerk von Conect in die \u00f6sterreichische IT-Industrie. \u2013 Besonders die Events der Informunities sind dabei immer wieder sehr hilfreich.&#8221;[\/vc_column_text][\/vc_column][vc_column offset=&#8221;vc_col-md-6&#8221;][vc_column_text]<\/p>\n<h4>Andreas Goldnagl, ASFINAG<\/h4>\n<p><img loading=\"lazy\" class=\"size-full wp-image-1001 alignright\" src=\"https:\/\/www.conect.at\/wp-content\/uploads\/2021\/02\/csm_goldnagl_andreas_2012_rgb_1dde9258e6.jpg\" alt=\"\" width=\"130\" height=\"173\" srcset=\"https:\/\/www.conect.at\/wp-content\/uploads\/2021\/02\/csm_goldnagl_andreas_2012_rgb_1dde9258e6.jpg 130w, https:\/\/www.conect.at\/wp-content\/uploads\/2021\/02\/csm_goldnagl_andreas_2012_rgb_1dde9258e6-101x135.jpg 101w, https:\/\/www.conect.at\/wp-content\/uploads\/2021\/02\/csm_goldnagl_andreas_2012_rgb_1dde9258e6-113x150.jpg 113w\" sizes=\"(max-width: 130px) 100vw, 130px\" \/><\/p>\n<p>&#8220;Als langj\u00e4hriger Besucher von Con.ect Veranstaltungen und auch als gelegentlicher Vortragender war und sind diese Veranstaltungen immer ein Ort, wo der Austausch mit Gleichgesinnten mit gleichen Themenstellungen immer m\u00f6glich war. Man konnte sich zu IT Service Management Themen austauschen, wer hat welchen Standard wie im Einsatz, wo befinden wir uns im Vergleich zum Markt und vieles andere konnte hier vortrefflich er\u00f6rtert werden.<\/p>\n<p>Frau Hainschink &amp; ihr Team hatte und hat immer ein offenes Ohr f\u00fcr Trends der Branche, sei es Security, Reifemodelle oder Digitalisierung etc.<\/p>\n<p>Ich konnte somit sehr davon profitieren und konnte auch mein Wissen und T\u00e4tigkeit anderen zur Verf\u00fcgung stellen, um diesen Austausch zu f\u00f6rdern. Ich w\u00fcnsche dem Team von Con.ect weiterhin viel Erfolg und w\u00fcnsche mir weiterhin interessante Veranstaltungen mit interessanten, zukunftsweisenden Themen.&#8221;[\/vc_column_text][vc_column_text]<\/p>\n<h4>Helmut Pichler, Nagarro<\/h4>\n<p><img loading=\"lazy\" class=\"alignright size-full wp-image-1004\" src=\"https:\/\/www.conect.at\/wp-content\/uploads\/2021\/02\/csm_pichler_helmut_2014_rgb_29e8c50a82.jpg\" alt=\"\" width=\"130\" height=\"173\" srcset=\"https:\/\/www.conect.at\/wp-content\/uploads\/2021\/02\/csm_pichler_helmut_2014_rgb_29e8c50a82.jpg 130w, https:\/\/www.conect.at\/wp-content\/uploads\/2021\/02\/csm_pichler_helmut_2014_rgb_29e8c50a82-101x135.jpg 101w, https:\/\/www.conect.at\/wp-content\/uploads\/2021\/02\/csm_pichler_helmut_2014_rgb_29e8c50a82-113x150.jpg 113w\" sizes=\"(max-width: 130px) 100vw, 130px\" \/><\/p>\n<p>&#8220;Mit der Con.Ect Business Academy bzw Con.Ect Informunity verbinde ich ein sehr aktives Netzwerk hochqualifizierter ExpertInnen aus verschiedendsten Branchen, das Con.Ect mit Leben f\u00fcllt. Con.Ect schafft es immer wieder Veranstaltungen zu Themen auf die Beine zu stellen, die oft \u201eunter den N\u00e4geln brennen\u201c. Neben den Insides der vortragenden FachexpertInnen nimmt man eigentlich auch immer neue Netzwerkkontakte mit. Auch als Referent beindruckt mich die professionelle Betreuung durch das Organisationsteam immer wieder aufs Neue. Dass das Angebot durch ein umfassendes Trainingsangebot abgerundet wird, spricht f\u00fcr den zielgruppenorientierten Fokus von Con.Ect. Zum Anlass ists mal Zeit DANKE zu sagen. Danke an all die \u201eguten Geister\u201c die hier meist im Hintergrund f\u00fcr das gute Gelingen der Events arbeiten. Ich freue mich jedenfalls schon auf die n\u00e4chsten 20 Jahre.&#8221;[\/vc_column_text][vc_column_text]<\/p>\n<h4>Matias Eugster, Karer Consulting<\/h4>\n<p><img loading=\"lazy\" class=\"alignright size-full wp-image-1000\" src=\"https:\/\/www.conect.at\/wp-content\/uploads\/2021\/02\/csm_eugster_matias_2009_rgb_2df2e95b83.jpg\" alt=\"\" width=\"130\" height=\"173\" srcset=\"https:\/\/www.conect.at\/wp-content\/uploads\/2021\/02\/csm_eugster_matias_2009_rgb_2df2e95b83.jpg 130w, https:\/\/www.conect.at\/wp-content\/uploads\/2021\/02\/csm_eugster_matias_2009_rgb_2df2e95b83-101x135.jpg 101w, https:\/\/www.conect.at\/wp-content\/uploads\/2021\/02\/csm_eugster_matias_2009_rgb_2df2e95b83-113x150.jpg 113w\" sizes=\"(max-width: 130px) 100vw, 130px\" \/><\/p>\n<p>&#8220;Als wichtigste Trends sehe ich die Digitalisierung, welche in eine neue Phase eintritt. Nachdem in den vergangenen Jahren das Thema vor allem auf die Beschreibung von Visionen und Strategien und deren Auswirkung auf die Organisationen f\u00fcr die Zukunft im Focus stand, liegt das Gewicht nun auf die konkrete Ausgestaltung und der Implementierung unter Nutzung von Big Data und KI. Die Con.ect-Events haben wir in den vergangenen Jahren immer wieder einen Einblick in die aktuellen Entwicklungen erhalten. Insbesondere die Referate, welche die konkreten Umsetzungen bei diversen Unternehmen waren daf\u00fcr sehr wertvoll. Gemeinsam mit Con.ect und dem Verein BITSeN (Business IT-Service Network) haben wir das Swiss Business &amp; IT-Servicemanagement Forum in Z\u00fcrich aus der Taufe gehoben. Dieses Jahr fand bereits die 13te Auflage dieser Veranstaltung mit \u00fcber 100 TeilnehmerInnen statt. Die positive Resonanz bei den TeilnehmerInnen ist ungebrochen und wir freuen uns auf die Events in den n\u00e4chsten Jahren.&#8221;[\/vc_column_text][vc_column_text]<\/p>\n<h4>Markus M\u00fcller, ABB Information Systems Ltd<\/h4>\n<p>&#8220;Durch die zunehmende Industrialisierung von Infrastruktur im Informationsmanagement k\u00f6nnen Rationalisierung und Automatisierung aber vor allem auch Standardisierung zur digitalen Wertsch\u00f6pfung im Unternehmen fundamental beitragen.<\/p>\n<p>Je standardisierter Abl\u00e4ufe und Verantwortlichkeiten desto einfacher gelingt die Integration, auch \u00fcber Unternehmensgrenzen hinweg z.B. mit Herstellern und Outsourcern. Eine wesentliche Kernkompetenz um digitalisierte Wertsch\u00f6pfungsketten \u00fcber Unternehmensgrenzen hinweg zu verzahnen ist eine aktuelle Auseinandersetzung mit Standards und Trends im Informationsmanagement.<\/p>\n<p>Conect Eventmanagement hat sich \u00fcber Jahre hinweg einen exzellenten Ruf in \u00d6sterreich und in der Schweiz erarbeitet um MitarbeiterInnen den Zugang zu Expertenwissen und Standards zu erm\u00f6glichen.<\/p>\n<p>Damit hat Conect aus unserer Sicht einen wertvollen Beitrag zum IT Standort \u00d6sterreich geleistet.&#8221;[\/vc_column_text][\/vc_column][\/vc_row]<\/p>\n","protected":false},"excerpt":{"rendered":"<p>[vc_row][vc_column width=&#8221;1\/3&#8243;][vc_single_image image=&#8221;868&#8243; img_size=&#8221;full&#8221;][\/vc_column][vc_column width=&#8221;1\/3&#8243;][vc_single_image image=&#8221;866&#8243; img_size=&#8221;full&#8221;][\/vc_column][vc_column width=&#8221;1\/3&#8243;][vc_single_image image=&#8221;867&#8243; img_size=&#8221;full&#8221;][\/vc_column][\/vc_row][vc_row][vc_column][vc_column_text]Die IT-Trend Eventagentur Mehr als 1000 Veranstaltungen im IT- und Business-Bereich mit \u00fcber 31.000 zufriedenen TeilnehmerInnen sprechen eine klare Sprache: Die IT-Trend-Eventagentur CON\u2022ECT Eventmanagement schl\u00e4gt als Full-Service-Agentur die Br\u00fccke zwischen IT-AnbieterInnen und IT-AnwendernInnen aus den Bereichen Wirtschaft, Forschung und \u00d6ffentlichem Sektor. Gemeinsam mit den gro\u00dfen Key-Playern<\/p>\n","protected":false},"author":1,"featured_media":0,"parent":990,"menu_order":0,"comment_status":"closed","ping_status":"closed","template":"","meta":[],"_links":{"self":[{"href":"https:\/\/www.conect.at\/en\/wp-json\/wp\/v2\/pages\/90"}],"collection":[{"href":"https:\/\/www.conect.at\/en\/wp-json\/wp\/v2\/pages"}],"about":[{"href":"https:\/\/www.conect.at\/en\/wp-json\/wp\/v2\/types\/page"}],"author":[{"embeddable":true,"href":"https:\/\/www.conect.at\/en\/wp-json\/wp\/v2\/users\/1"}],"replies":[{"embeddable":true,"href":"https:\/\/www.conect.at\/en\/wp-json\/wp\/v2\/comments?post=90"}],"version-history":[{"count":0,"href":"https:\/\/www.conect.at\/en\/wp-json\/wp\/v2\/pages\/90\/revisions"}],"up":[{"embeddable":true,"href":"https:\/\/www.conect.at\/en\/wp-json\/wp\/v2\/pages\/990"}],"wp:attachment":[{"href":"https:\/\/www.conect.at\/en\/wp-json\/wp\/v2\/media?parent=90"}],"curies":[{"name":"wp","href":"https:\/\/api.w.org\/{rel}","templated":true}]}}