{"id":874,"date":"2020-10-21T13:31:30","date_gmt":"2020-10-21T11:31:30","guid":{"rendered":"https:\/\/www.conect.at\/?page_id=874"},"modified":"2022-12-09T11:08:52","modified_gmt":"2022-12-09T10:08:52","slug":"team","status":"publish","type":"page","link":"https:\/\/www.conect.at\/en\/ueber-uns\/team","title":{"rendered":"Team"},"content":{"rendered":"<p>[vc_row css=&#8221;.vc_custom_1599451721756{margin-bottom: 30px !important;}&#8221;][vc_column][vc_column_text]<\/p>\n<h4><img loading=\"lazy\" class=\"size-full wp-image-792 alignleft\" src=\"https:\/\/www.conect.at\/wp-content\/uploads\/2020\/05\/Hainschink.png\" alt=\"\" width=\"356\" height=\"242\" srcset=\"https:\/\/www.conect.at\/wp-content\/uploads\/2020\/05\/Hainschink.png 356w, https:\/\/www.conect.at\/wp-content\/uploads\/2020\/05\/Hainschink-300x204.png 300w, https:\/\/www.conect.at\/wp-content\/uploads\/2020\/05\/Hainschink-221x150.png 221w\" sizes=\"(max-width: 356px) 100vw, 356px\" \/>Mag. Bettina Hainschink<\/h4>\n<p>Mag. Bettina Hainschink Gesellschafterin, Sponsoring und Relationship Management. Die Wirtschafts- informatikerin hat an der Universit\u00e4t Wien studiert und ist der kreative Kopf bei CON\u2022ECT Eventmanagement.[\/vc_column_text][\/vc_column][\/vc_row][vc_row][vc_column width=&#8221;1\/2&#8243; offset=&#8221;vc_col-md-6&#8243;][vc_column_text]<img loading=\"lazy\" class=\"size-full wp-image-877 alignleft\" src=\"https:\/\/www.conect.at\/wp-content\/uploads\/2020\/10\/Manina_Karner.jpg\" alt=\"\" width=\"80\" height=\"110\" \/><\/p>\n<h4>Manina Karner, MSc. (WU)<\/h4>\n<p>Manina Karner studierte Wirtschaftsinformatik und Wirtschaftsp\u00e4dagogik an der Wirtschaftsuniversit\u00e4t Wien. Sie nimmt die Position der p\u00e4dagogische Leitung wahr und ist zust\u00e4ndig f\u00fcr das Programmmanagement und die Weiterentwicklung der digitalen Bildungsprodukte. Dazu macht sie Database- und Onlinemarketing.[\/vc_column_text][\/vc_column][vc_column width=&#8221;1\/2&#8243;][vc_column_text]<img loading=\"lazy\" class=\"alignleft size-full wp-image-876\" src=\"https:\/\/www.conect.at\/wp-content\/uploads\/2020\/10\/Gerhard_Krill.jpg\" alt=\"\" width=\"70\" height=\"105\" \/><\/p>\n<h4>Gerhard Krill<\/h4>\n<p>Gerhard &#8220;Sherard&#8221; Krill ist verantwortlich f\u00fcr Grafik und Web Design.[\/vc_column_text][\/vc_column][\/vc_row][vc_row][vc_column width=&#8221;1\/2&#8243; offset=&#8221;vc_col-md-6&#8243;][vc_column_text]<\/p>\n<h4>Elias Kasper<\/h4>\n<p>Elias Kasper ist Projektassistent der Con.ect Business Academy und Informunity. Er macht seinen Bachelor in IT und Projektmanagement und betreut die Con.ect Business Academy sowie Inhouse Kunden.[\/vc_column_text][\/vc_column][vc_column width=&#8221;1\/2&#8243;][vc_column_text]<\/p>\n<h4>Nina Zeitlberger<\/h4>\n<p>Nina Zeitlberger ist Moderatorin f\u00fcr Community Treffen. Als Eventmanagerin ist sie Verantwortlich f\u00fcr Sponsoring und Aussteller.[\/vc_column_text][\/vc_column][\/vc_row][vc_row][vc_column][vc_column_text]und andere[\/vc_column_text][\/vc_column][\/vc_row]<\/p>\n","protected":false},"excerpt":{"rendered":"<p>[vc_row css=&#8221;.vc_custom_1599451721756{margin-bottom: 30px !important;}&#8221;][vc_column][vc_column_text] Mag. Bettina Hainschink Mag. Bettina Hainschink Gesellschafterin, Sponsoring und Relationship Management. Die Wirtschafts- informatikerin hat an der Universit\u00e4t Wien studiert und ist der kreative Kopf bei CON\u2022ECT Eventmanagement.[\/vc_column_text][\/vc_column][\/vc_row][vc_row][vc_column width=&#8221;1\/2&#8243; offset=&#8221;vc_col-md-6&#8243;][vc_column_text] Manina Karner, MSc. (WU) Manina Karner studierte Wirtschaftsinformatik und Wirtschaftsp\u00e4dagogik an der Wirtschaftsuniversit\u00e4t Wien. Sie nimmt die Position der p\u00e4dagogische Leitung<\/p>\n","protected":false},"author":6,"featured_media":0,"parent":990,"menu_order":0,"comment_status":"closed","ping_status":"closed","template":"","meta":[],"_links":{"self":[{"href":"https:\/\/www.conect.at\/en\/wp-json\/wp\/v2\/pages\/874"}],"collection":[{"href":"https:\/\/www.conect.at\/en\/wp-json\/wp\/v2\/pages"}],"about":[{"href":"https:\/\/www.conect.at\/en\/wp-json\/wp\/v2\/types\/page"}],"author":[{"embeddable":true,"href":"https:\/\/www.conect.at\/en\/wp-json\/wp\/v2\/users\/6"}],"replies":[{"embeddable":true,"href":"https:\/\/www.conect.at\/en\/wp-json\/wp\/v2\/comments?post=874"}],"version-history":[{"count":0,"href":"https:\/\/www.conect.at\/en\/wp-json\/wp\/v2\/pages\/874\/revisions"}],"up":[{"embeddable":true,"href":"https:\/\/www.conect.at\/en\/wp-json\/wp\/v2\/pages\/990"}],"wp:attachment":[{"href":"https:\/\/www.conect.at\/en\/wp-json\/wp\/v2\/media?parent=874"}],"curies":[{"name":"wp","href":"https:\/\/api.w.org\/{rel}","templated":true}]}}