{"id":634,"date":"2020-08-26T12:59:19","date_gmt":"2020-08-26T10:59:19","guid":{"rendered":"http:\/\/dej-conect.local\/?page_id=634"},"modified":"2025-09-19T10:47:01","modified_gmt":"2025-09-19T08:47:01","slug":"impressum","status":"publish","type":"page","link":"https:\/\/www.conect.at\/en\/impressum","title":{"rendered":"Impressum"},"content":{"rendered":"<p><b>CON\u2022ECT Eventmanagement GmbH<\/b><\/p>\n<p>1150 Wien, Mariahilfer Stra\u00dfe 136\/2.09<\/p>\n<p>Telefon : +43 1 522 36 36 36<\/p>\n<p>Fax: +43 1 522 36 36 10<\/p>\n<p>Mobil:+43 699 15223636<\/p>\n<p>E-Mail: office@conect.at<\/p>\n<p>&nbsp;<\/p>\n<p><b>Gesellschafterin: Mag. Bettina Hainschink<\/b><\/p>\n<p>UID: ATU 44526401<\/p>\n<p>Firmenbuch-Nr.: FN 154530a<\/p>\n<p>Firmenbuchgericht: Handelsgericht Wien<\/p>\n<p>Aufsichtsbeh\u00f6rde: Wirtschaftskammer Wien, Sektion Fremdenverkehr<\/p>\n<p>F\u00fcr den Inhalt verantwortlich: Mag. Bettina Hainschink<\/p>\n<p>&nbsp;<\/p>\n<p>Namentlich gekennzeichnete Beitr\u00e4ge geben die Meinung der AutorInnen wieder und m\u00fcssen nicht mit der Meinung des Herausgebers \u00fcbereinstimmen.<\/p>\n","protected":false},"excerpt":{"rendered":"<p>CON\u2022ECT Eventmanagement GmbH 1150 Wien, Mariahilfer Stra\u00dfe 136\/2.09 Telefon : +43 1 522 36 36 36 Fax: +43 1 522 36 36 10 Mobil:+43 699 15223636 E-Mail: office@conect.at &nbsp; Gesellschafterin: Mag. Bettina Hainschink UID: ATU 44526401 Firmenbuch-Nr.: FN 154530a Firmenbuchgericht: Handelsgericht Wien Aufsichtsbeh\u00f6rde: Wirtschaftskammer Wien, Sektion Fremdenverkehr F\u00fcr den Inhalt verantwortlich: Mag. Bettina Hainschink &nbsp;<\/p>\n","protected":false},"author":1,"featured_media":0,"parent":0,"menu_order":52,"comment_status":"closed","ping_status":"closed","template":"","meta":[],"_links":{"self":[{"href":"https:\/\/www.conect.at\/en\/wp-json\/wp\/v2\/pages\/634"}],"collection":[{"href":"https:\/\/www.conect.at\/en\/wp-json\/wp\/v2\/pages"}],"about":[{"href":"https:\/\/www.conect.at\/en\/wp-json\/wp\/v2\/types\/page"}],"author":[{"embeddable":true,"href":"https:\/\/www.conect.at\/en\/wp-json\/wp\/v2\/users\/1"}],"replies":[{"embeddable":true,"href":"https:\/\/www.conect.at\/en\/wp-json\/wp\/v2\/comments?post=634"}],"version-history":[{"count":0,"href":"https:\/\/www.conect.at\/en\/wp-json\/wp\/v2\/pages\/634\/revisions"}],"wp:attachment":[{"href":"https:\/\/www.conect.at\/en\/wp-json\/wp\/v2\/media?parent=634"}],"curies":[{"name":"wp","href":"https:\/\/api.w.org\/{rel}","templated":true}]}}