{"id":629,"date":"2020-08-26T08:35:24","date_gmt":"2020-08-26T06:35:24","guid":{"rendered":"http:\/\/dej-conect.local\/?page_id=629"},"modified":"2022-02-22T18:12:04","modified_gmt":"2022-02-22T17:12:04","slug":"kooperationspartnerschaften","status":"publish","type":"page","link":"https:\/\/www.conect.at\/en\/netzwerk\/kooperationspartnerschaften","title":{"rendered":"Kooperations&shy;partnerschaften"},"content":{"rendered":"<p>[vc_row][vc_column][vc_column_text]<\/p>\n<h1>Unsere PartnerInnen<\/h1>\n<p>Hier finden Sie Partner von Con.ect Eventmanagement<\/p>\n<h4><b>Unternehmen<\/b><\/h4>\n<p>[\/vc_column_text][vc_row_inner][vc_column_inner width=&#8221;1\/2&#8243;][vc_column_text el_class=&#8221;floating-image-left&#8221;]<img loading=\"lazy\" class=\"size-full wp-image-1128 alignleft\" src=\"https:\/\/www.conect.at\/wp-content\/uploads\/2021\/02\/csm_ALE.jpg\" alt=\"\" width=\"100\" height=\"38\" \/>Wir sind\u00a0<a href=\"https:\/\/www.al-enterprise.com\/de-de\" target=\"_blank\" rel=\"noopener noreferrer\">Alcatel-Lucent Enterprise<\/a>. Unser Ziel ist es, alles miteinander zu vernetzen, um individuelle Technologieerlebnisse f\u00fcr die Anforderungen unserer Kunden zu schaffen. Wir liefern Netzwerke und Kommunikation vor Ort, in der Cloud und als Hybridl\u00f6sung, die Ihre Mitarbeiter, Prozesse und Kunden unterst\u00fctzen. Unser langj\u00e4hriges Engagement f\u00fcr Innovation und den Erfolg unserer Kunden hat Alcatel-Lucent Enterprise zu einem f\u00fchrenden Anbieter von Unternehmensnetzen, Kommunikation und Services werden lassen, der weltweit \u00fcber 830.000 Kunden betreut. Mit mehr als 2.200 Mitarbeitern und 2.900 Partnern in \u00fcber 50 L\u00e4ndern verbindet das Unternehmen globale Reichweite mit lokalem Fokus.[\/vc_column_text][vc_column_text el_class=&#8221;floating-image-left&#8221;]<img loading=\"lazy\" class=\"size-full wp-image-1099 alignleft\" src=\"https:\/\/www.conect.at\/wp-content\/uploads\/2021\/02\/csm_boc-logo-big.jpg\" alt=\"\" width=\"100\" height=\"133\" \/>Die\u00a0<a href=\"https:\/\/at.boc-group.com\/\" target=\"_blank\" rel=\"noopener noreferrer\">BOC Group<\/a>\u00a0ist ein international f\u00fchrender Hersteller von Softwarewerkzeugen f\u00fcr umfassendes Prozessmanagement, Unternehmensarchitektur-Management sowie Governance, Risk and Compliance. Erg\u00e4nzt durch unser breites Serviceangebot unterst\u00fctzen wir Ihre integrierten Managementsysteme mit unseren Produkten ADONIS und ADOIT.[\/vc_column_text][vc_column_text el_class=&#8221;floating-image-left&#8221;]<img loading=\"lazy\" class=\"size-full wp-image-1100 alignleft\" src=\"https:\/\/www.conect.at\/wp-content\/uploads\/2021\/02\/csm_cis_rgb.jpg\" alt=\"\" width=\"100\" height=\"84\" \/>Die CIS &#8211; Certification &amp; Information Security Services GmbH als akkreditierte Zertifizierungsorganisation f\u00fchrt nicht nur unabh\u00e4ngige \u00dcberpr\u00fcfungen und Zertifizierungen von Managementsystemen nach ISO 27001 und ISO 20000 durch, sondern auch die dazugeh\u00f6rigen Ausbildungen mit Personenzertifizierung. Die AuditorInnen und ReferentInnen der CIS erf\u00fcllen die komplexen Anspr\u00fcche an Theorie und Praxis, da sie hauptberuflich in der Informationssicherheit und -technologie t\u00e4tig sind und ihr Wissen st\u00e4ndig praxisnah weiter entwickeln.[\/vc_column_text][vc_column_text el_class=&#8221;floating-image-left&#8221;]<img loading=\"lazy\" class=\"size-full wp-image-1101 alignleft\" src=\"https:\/\/www.conect.at\/wp-content\/uploads\/2021\/02\/csm_computerwelt.jpg\" alt=\"\" width=\"100\" height=\"13\" \/><a href=\"http:\/\/www.computerwelt.at\/\" target=\"_blank\" rel=\"noopener noreferrer\">Computerwelt<\/a><\/p>\n<p>Aktuelle Business IT-News f\u00fcr \u00d6sterreich. Die COMPUTERWELT ist \u00d6sterreichs f\u00fchrende IT- Zeitung f\u00fcr den gesamten Bereich der Informationstechnik und Telekommunikation.[\/vc_column_text][vc_column_text el_class=&#8221;floating-image-left&#8221;]<img loading=\"lazy\" class=\"size-full wp-image-1102 alignleft\" src=\"https:\/\/www.conect.at\/wp-content\/uploads\/2021\/02\/csm_cordaware.png\" alt=\"\" width=\"100\" height=\"39\" \/><a href=\"http:\/\/www.cordaware.com\/\" target=\"_blank\" rel=\"noopener noreferrer\">Cordaware GmbH Informationslogistik<\/a>\u00a0hat sich auf innovative Produkte in den Berei-chen Continuity Management und proaktives Informationsmanagement fu\u0308r Service Desks spezialisiert. Mit Hilfe unseres Kernproduktes, Cordaware bestinformed werden Anwender zielgenau und unverzu\u0308glich u\u0308ber St\u00f6rungen etc. informiert. Cordaware bestinformed ist die f\u00fchrende L\u00f6sung f\u00fcr unternehmensweite Sofortbenachrichtigung und proaktive Anwenderinformationen aus dem Service Desk, wo innerhalb 1 Sekunde tausende Anwender sofort informiert werden k\u00f6nnen.[\/vc_column_text][vc_column_text el_class=&#8221;floating-image-left&#8221;]<img loading=\"lazy\" class=\"size-full wp-image-1103 alignleft\" src=\"https:\/\/www.conect.at\/wp-content\/uploads\/2021\/02\/csm_Genesis.png\" alt=\"\" width=\"100\" height=\"23\" \/>Die\u00a0<a href=\"https:\/\/genesis.swiss\/\" target=\"_blank\" rel=\"noopener noreferrer\">Genesis Swiss Team AG<\/a>\u00a0ist ein b\u00f6rsennotierter Europ\u00e4ischer IT Consulting- und L\u00f6sungsanbieter mit Hauptsitz in LevalloisPerret bei Paris. Genesis Swiss Team AG ist mit \u00fcber 3500 Mitarbeiter und einem Umsatz von 442 Mio Euro (2014) in 20 L\u00e4nder in Europa und im nahen Osten t\u00e4tig.\u00a0Genesis Swiss Team AG wurde 1996gegr\u00fcndet. Der Hauptsitz befindet sich in Ostermundigen, Zweigstellen in Z\u00fcrich und Les Acacias. Als Genesis Swiss Team AG planen, realisieren und betreiben wir in der Schweiz L\u00f6sungen in den Bereichen IT Service Excellence (Service Management und Service Assurance), Cloud und IT Transformation, Risk &amp; Security Management und IP\/DNS\/DHCP Management (DDI). Wir bieten unseren Kunden \u00bbBest Practices\u00ab Komplettl\u00f6sungen aus einer Hand und arbeiten dabei eng mit langj\u00e4hrigen Partnern zusammen. Zu unserem Kundenstamm z\u00e4hlen gro\u00dfe und mittlere Unternehmen aller Branchen, national und international.[\/vc_column_text][vc_column_text el_class=&#8221;floating-image-left&#8221;]<\/p>\n<div class=\"ecx-outer-header \">\n<div class=\"ecx-headline\">\n<h4><img loading=\"lazy\" class=\"size-full wp-image-1104 alignleft\" src=\"https:\/\/www.conect.at\/wp-content\/uploads\/2021\/02\/csm_InfraSoft_logo.png\" alt=\"\" width=\"100\" height=\"23\" \/>InfraSoft Datenservice GmbH<\/h4>\n<\/div>\n<\/div>\n<p><a href=\"https:\/\/www.infrasoft.at\/index.php\/de-de\/\" target=\"_blank\" rel=\"noopener noreferrer\">InfraSoft Datenservice GmbH<\/a>\u00a0ist ein nach ISO9001:2015\u00a0<b>zertifiziertes Personaldienstleistungsunternehmen<\/b>, spezialisiert auf Informationstechnologie und Mitglied im Verband der \u00f6sterreichischen Software Industrie. Wir verf\u00fcgen \u00fcber\u00a0<b>jahrzehntelange Erfahrung<\/b>\u00a0im IT-Sektor und stellen sicher, dass unsere Kunden die richtigen Mitarbeiter bekommen. Kandidaten mit\u00a0<b>technischer Expertise<\/b>\u00a0und\u00a0<b>sozialer Kompetenz<\/b>.\u00a0<b>Zudem finden Mitarbeiter und Kunden<\/b>\u00a0<b>in uns den<\/b>\u00a0<b>Ansprechpartner<\/b>, den sie suchen: fachlich, organisatorisch und menschlich in Ordnung.\u00a0<b>InfraSoft \u2013 IT Expertes on Demand:<\/b>\u00a0Die richtigen Mitarbeiter. Zur richtigen Zeit. Am richtigen Ort.<\/p>\n<p>Webseite:\u00a0<a href=\"https:\/\/www.infrasoft.at\/index.php\/de-de\/\" target=\"_blank\" rel=\"noopener noreferrer\">www.infrasoft.at<\/a>[\/vc_column_text][vc_column_text el_class=&#8221;floating-image-left&#8221;]<img loading=\"lazy\" class=\"size-full wp-image-1105 alignleft\" src=\"https:\/\/www.conect.at\/wp-content\/uploads\/2021\/02\/csm_Intervalid_bunt_dunkel.jpg\" alt=\"\" width=\"100\" height=\"25\" \/>Die Datenschutzmanagement Software\u00a0<a href=\"https:\/\/intervalid.com\/\" target=\"_blank\" rel=\"noopener noreferrer\">Intervalid<\/a>\u00a0f\u00fchrt Unternehmen Schritt f\u00fcr Schritt zur l\u00fcckenlosen Umsetzung der DSGVO. Die EU-weite gesetzeskonforme L\u00f6sung bietet eine benutzerfreundliche Oberfl\u00e4che f\u00fcr Umsetzung, Kontrolle und Dokumentation des unternehmensweiten Datenschutzmanagements. Gemeinsam mit IT-Experten und Juristen wird laufend an der Aktualit\u00e4t der Software gearbeitet. Sie erspart viel Aufwand damit sich Unternehmen auf ihr Kerngesch\u00e4ft konzentrieren k\u00f6nnen. Intervalid richtet sich an alle Unternehmensgr\u00f6\u00dfen, von KMU bis internationaler Gro\u00dfkonzern und steht in mehreren Sprachen zur Verf\u00fcgung. Durch ihre Mandantenf\u00e4higkeit ist die Software auch besonders f\u00fcr externe Datenschutzbeauftragte geeignet.[\/vc_column_text][vc_column_text el_class=&#8221;floating-image-left&#8221;]<img loading=\"lazy\" class=\"size-full wp-image-1106 alignleft\" src=\"https:\/\/www.conect.at\/wp-content\/uploads\/2021\/02\/csm_itnovum-logo.png\" alt=\"\" width=\"100\" height=\"32\" \/>it-novum ist auf die Integration und Weiterentwicklung von OpenSource-IT-L\u00f6sungen im Gesch\u00e4ftsumfeld spezialisiert und darin f\u00fchrend im deutschsprachigen Raum. Unsere Expertise liegt in der Verbindung von Technologie-Know-how mit einem tiefen Verst\u00e4ndnis f\u00fcr Gesch\u00e4ftsabl\u00e4ufe in Unternehmen.<\/p>\n<ul>\n<li>Konzerntochter der b\u00f6rsennotierten KAP-AG<\/li>\n<li>85 Mitarbeiter am Hauptsitz in Fulda und den Niederlassungen in Berlin, Dortmund, Wien und Z\u00fcrich.<\/li>\n<li>Mehr als 750 erfolgreiche Projekte in \u00fcber 15 Jahren<\/li>\n<li>ISO9001:2008 Zertifizierung<\/li>\n<li>Unsere Kunden sind gro\u00dfe mittelst\u00e4ndische Unternehmen und Konzerne. Dazu geh\u00f6ren unter anderem: Evonik, Deutsche See, Wiener Wohnen, Fraunhofer Institut, Oberlandesgericht M\u00fcnchen, BOS, Wolf Theiss, Stadtwerke Gie\u00dfen, Deutsche BKK, \u00d6AMTC.<\/li>\n<\/ul>\n<p>Weitere Informationen finden Sie unter:\u00a0<a href=\"http:\/\/it-novum.com\/\" target=\"_blank\" rel=\"noopener noreferrer\">it-novum.com<\/a>[\/vc_column_text][vc_column_text el_class=&#8221;floating-image-left&#8221;]<img loading=\"lazy\" class=\"size-full wp-image-1107 alignleft\" src=\"https:\/\/www.conect.at\/wp-content\/uploads\/2021\/02\/csm_ivanti-vector-logo.png\" alt=\"\" width=\"100\" height=\"55\" \/>Beim Zusammenschluss von LANDESK und HEAT Software im Januar 2017 war klar, dass wir einen neuen Namen f\u00fcr unser Unternehmen brauchten.<\/p>\n<p>Nahezu 30 Jahre lang haben LANDESK und HEAT benutzerorientierte IT-L\u00f6sungen angeboten, die auf eine Steigerung der Benutzerproduktivit\u00e4t und Senkung des Sicherheitsrisikos f\u00fcr die IT abzielten.<\/p>\n<p>LANDESK war bis zu dem Zeitpunkt der einzige Anbieter, der bei Gartner in den vier Bereichen Client Management, Endpoint Protection, IT Service und Support und Enterprise Mobility Management Anerkennung fand.<\/p>\n<p>\u00dcber die Jahre haben sich beide Unternehmen gewandelt. LANDESK hat Unternehmen wie Wavelink, Shavlik, Xtraction Solutions und zuletzt AppSense \u00fcber-nommen.<\/p>\n<p>HEAT entstand durch den Zusammenschluss von FrontRange (enteo) und Lumension. Um alle diese Marken unter einem Dach zu vereinen, ben\u00f6tigten wir eine neue Identit\u00e4t, und so entstand im Januar 2017 Ivanti.<\/p>\n<p>Seitdem sind au\u00dferdem Concorde und RES zur Ivanti Familie hinzugesto\u00dfen. Ivanti befindet sich in Privatbesitz, das Headquarter ist in SaltLake City, USA, hat 36 B\u00fcros in 23 L\u00e4ndern. Wir haben \u00fcber 1.700 Mitarbeiter, 28.000+ Kunden und \u00fcber 1000+ Partner, die auf uns und unsere L\u00f6sungen vertrauen.<\/p>\n<p>Ivanti ist auf Wachstumskurs, Ziel ist es weiter zu wachsen und das strategische Produktportfolio weiter auszubauen, um zuk\u00fcnftig noch st\u00e4rker als strategischer Vendor und Businesspartner am Markt zu agieren.<\/p>\n<p>Unsere Mission ist klar &#8211; unseren Kunden zu helfen, in ihren jeweiligen Gesch\u00e4ftsfeldern durch \u201cPower of Unified IT\u201d erfolgreich zu sein.[\/vc_column_text][\/vc_column_inner][vc_column_inner width=&#8221;1\/2&#8243;][vc_column_text el_class=&#8221;floating-image-left&#8221;]<img loading=\"lazy\" class=\" wp-image-1117 alignleft\" src=\"https:\/\/www.conect.at\/wp-content\/uploads\/2021\/02\/csm_Logo_LeanIX-RGB_horizontal.gif\" alt=\"\" width=\"107\" height=\"60\" \/><a href=\"https:\/\/www.leanix.net\/en\/?utm_term=leanix&amp;utm_source=adwords&amp;utm_medium=ppc&amp;utm_campaign=SG+%7C+Branding+%7C+DACH&amp;hsa_ver=3&amp;hsa_cam=707566461&amp;hsa_grp=37982714158&amp;hsa_acc=6721847110&amp;hsa_kw=leanix&amp;hsa_mt=e&amp;hsa_net=adwords&amp;hsa_src=g&amp;hsa_tgt=kwd-321226885380&amp;hsa_ad=409733761083&amp;gclid=CjwKCAiAy9jyBRA6EiwAeclQhKMr_4y6ccSN_2UaDAte7mOIU_4vbJ9wKc6tlYKfp4iEgc5p0Bvg6xoCov4QAvD_BwE\" target=\"_blank\" rel=\"noopener noreferrer\">LeanIX<\/a>\u00a0bietet eine Software-as-a-Service (SaaS) f\u00fcr Enterprise Architecture (EA) an, die Organisationen in die Lage versetzt, schnellere, daten-getriebene Entscheidungen zu treffen. Hunderte Unternehmen weltweit verwenden die LeanIX-Software, um ihre Transparenz, Visibilit\u00e4t und Effizienz zu steigern.[\/vc_column_text][vc_column_text el_class=&#8221;floating-image-left&#8221;]<img loading=\"lazy\" class=\"alignleft wp-image-3550\" src=\"https:\/\/www.conect.at\/wp-content\/uploads\/2022\/02\/mega-international-logo-vector.png\" alt=\"\" width=\"150\" height=\"83\" srcset=\"https:\/\/www.conect.at\/wp-content\/uploads\/2022\/02\/mega-international-logo-vector.png 900w, https:\/\/www.conect.at\/wp-content\/uploads\/2022\/02\/mega-international-logo-vector-500x278.png 500w, https:\/\/www.conect.at\/wp-content\/uploads\/2022\/02\/mega-international-logo-vector-768x427.png 768w, https:\/\/www.conect.at\/wp-content\/uploads\/2022\/02\/mega-international-logo-vector-270x150.png 270w\" sizes=\"(max-width: 150px) 100vw, 150px\" \/><a href=\"https:\/\/www.mega.com\/\">MEGA International<\/a> wurde 1991 gegr\u00fcndet und bietet mit HOPEX die weltweit einzige Softwareplattform mit einem integrierten Ansatz (Connected EA) zur Unterst\u00fctzung von Digital Governance- und Transformationsvorhaben. Kunden aller Branchen und Gr\u00f6\u00dfen w\u00e4hlen MEGA immer dann, wenn es mehrere Themen wie z.B. Enterprise Architecture, Risikomanagement, Data Governance, Processmodellierung oder verschiedene Bereiche in der Organisation zu verbinden gilt, oder wenn Software und Beratung aus einem Gu\u00df gew\u00fcnscht sind. Kunden profitieren insbesondere durch integrierte Dashboards, starke Collaboration-Features sowie Automatismen bei Datenbef\u00fcllung, -bearbeitung und -auswertung.[\/vc_column_text][vc_column_text el_class=&#8221;floating-image-left&#8221;]<img loading=\"lazy\" class=\"size-full wp-image-1116 alignleft\" src=\"https:\/\/www.conect.at\/wp-content\/uploads\/2021\/02\/csm_microdyn.jpg\" alt=\"\" width=\"100\" height=\"100\" srcset=\"https:\/\/www.conect.at\/wp-content\/uploads\/2021\/02\/csm_microdyn.jpg 100w, https:\/\/www.conect.at\/wp-content\/uploads\/2021\/02\/csm_microdyn-75x75.jpg 75w\" sizes=\"(max-width: 100px) 100vw, 100px\" \/>Die\u00a0<a href=\"http:\/\/www.microdyn.ch\/dnn\/de-ch\/\" target=\"_blank\" rel=\"noopener noreferrer\">MICRODYN AG<\/a>\u00a0ist seit 10 Jahren regionaler und zertifizierter BOMGAR Partner in der Schweiz. Sie ist spezialisiert auf Enterprise Remote Control und Privileged Access Management sowie IT-Security-L\u00f6sungen.[\/vc_column_text][vc_column_text el_class=&#8221;floating-image-left&#8221;]<\/p>\n<div class=\"ecx-outer-header \">\n<div class=\"ecx-headline\">\n<h4><img loading=\"lazy\" class=\"size-full wp-image-1115 alignleft\" src=\"https:\/\/www.conect.at\/wp-content\/uploads\/2021\/02\/csm_Modis_Logo4c.png\" alt=\"\" width=\"100\" height=\"24\" \/>MODIS<\/h4>\n<\/div>\n<\/div>\n<p>Sie m\u00f6chten Ihre IT entlasten? Ihr Service Desk wird bereits extern betreut? Wir sind Ihr Partner rund um das Thema IT Outsourcing. Ob Fragen zu Soft- oder Hardware, Installationen oder St\u00f6rungen &#8211; wir k\u00fcmmern uns um die Anliegen Ihrer Anwender und sie k\u00f6nnen sich wieder auf ihre t\u00e4glichen Aufgaben konzentrieren. \u00dcbrigens: 75% unserer Kunden vertrauen uns und unserem Know-how seit mehr als zehn Jahren.<\/p>\n<p>Webseite:\u00a0<a href=\"https:\/\/ito.modis.de\/\" target=\"_blank\" rel=\"noopener noreferrer\">https:\/\/ito.modis.de<\/a>[\/vc_column_text][vc_column_text el_class=&#8221;floating-image-left&#8221;]<img loading=\"lazy\" class=\"size-full wp-image-1114 alignleft\" src=\"https:\/\/www.conect.at\/wp-content\/uploads\/2021\/02\/csm_PLAIN_IT.png\" alt=\"\" width=\"100\" height=\"62\" \/>\u00bbPLAIN IT AG \u2013 SERVICE MANAGEMENT AUF ENTERPRISE LEVEL!\u00ab<\/p>\n<p>\u00bbUnser Service f\u00fchrt Sie weiter\u00ab \u2013 dies ist nicht nur unser Leitsatz, sondern er bestimmt gleichzeitig auch die t\u00e4gliche Herausforderung bei Service Management-Projekten unserer Kunden unser Bestes zu geben.<\/p>\n<p>Die\u00a0<a href=\"http:\/\/www.plain-it.ch\/\" target=\"_blank\" rel=\"noopener noreferrer\">PLAIN IT AG<\/a>\u00a0ist f\u00fchrend in der DACH Region und kann auf langj\u00e4hrige Erfahrungen im Service Management zur\u00fcckgreifen. PLAIN IT AG bringt mit SERVALX ein topmodernes zukunftsgerichtetes Werkzeug an den Markt, welches Ihr Service Management im Hand-umdrehen auf Enterprise Level bringt. Dies unter anderem, weil alle Support- respektive Servicebereiche wie beispielsweise das Marketing, das Personal, die Finanzen oder der Rechtsdienst davon profitieren k\u00f6nnen. Auf der anderen Seite, weil dank der \u00fcber 150 Service Vorlagen schnell gestartet und in vielen Standardservices ohne weiteres grosse Gewinner erzielt werden k\u00f6nnen. Auch der Einsatz modernster Technologien und Vor-gehen heben das Service Management auf ein neues Level. Die konsequente Nutzerzent-rierung oder der Einsatz von Machine Learning erm\u00f6glichen eine heute noch unerreichte Effi-zienzsteigerung und Nutzerzufriedenheit. Zus\u00e4tzlich bietet die als Basis genutzte Low-Code Entwicklungsplattform enormes Potenzial, wenn es um die Adaption oder den Ausbau der Standardfunktionalit\u00e4t geht. Auch die volle Cloudausrichtung erm\u00f6glicht das h\u00f6chste Mass an Skalierung und Flexibilit\u00e4t. Getreu den heute auf der Fachseite oft hochgelobten agilen Methodiken wie Design Thinking oder Lean Start-up kann das Pro-dukt als Hypothese oder Pilot dienen und schnell getestet und dann auch eingesetzt werden.<\/p>\n<p>Mit der topmodernen L\u00f6sung SERVALX f\u00fcr Servicemanagement auf Enterprise Level stre-ben wir eine langfristige, partnerschaftliche und nachhaltige Kundenbeziehung an.[\/vc_column_text][vc_column_text el_class=&#8221;floating-image-left&#8221;]<img loading=\"lazy\" class=\"size-full wp-image-1113 alignleft\" src=\"https:\/\/www.conect.at\/wp-content\/uploads\/2021\/02\/csm_SAG_Logo_RGB_1106_169.jpg\" alt=\"\" width=\"100\" height=\"15\" \/>Die\u00a0<a href=\"https:\/\/www.softwareag.com\/at\/default.html\" target=\"_blank\" rel=\"noopener noreferrer\">Software AG<\/a>\u00a0bietet ihren Kunden \u201eFreedom as a Service\u201c. Wir denken Integration weiter, sto\u00dfen Unternehmenstransformation an und erm\u00f6glichen schnelle Innovationen f\u00fcr das Internet der Dinge. Wir geben ihnen die Freiheit, jede Technologie zu verkn\u00fcpfen und zu integrieren. Wir \u00f6ffnen Datensilos und machen Daten teilbar, nutzbar und wertvoll.[\/vc_column_text][vc_column_text el_class=&#8221;floating-image-left&#8221;]<img loading=\"lazy\" class=\"size-full wp-image-1112 alignleft\" src=\"https:\/\/www.conect.at\/wp-content\/uploads\/2021\/02\/csm_sparx.png\" alt=\"\" width=\"100\" height=\"21\" \/><b><a href=\"https:\/\/www.sparxsystems.de\/\" target=\"_blank\" rel=\"noopener noreferrer\">Sparx<\/a><\/b><\/p>\n<p>Wir sind Experten f\u00fcr die Planung, Gestaltung und Umsetzung von aktivem Enterprise Architecture Managment (EAM) auf der Basis von Enterprise Architect von Sparx Systems.<\/p>\n<p>Damit Unternehmen und Organisation ihre Strategie und betriebswirtschaftlicher Ziele erf\u00fcllen k\u00f6nnen, ist eine zusammenh\u00e4ngende Sicht auf die Unternehmenst\u00e4tigkeit n\u00f6tig. Mit Enterprise Architecture Management wird das Zusammenspiel von Business und IT sichtbar. Die dabei geschaffenen Modelle erlauben Transparenz und vereinfachen die Kommunikation.[\/vc_column_text][vc_column_text el_class=&#8221;floating-image-left&#8221;]<img loading=\"lazy\" class=\"size-full wp-image-1111 alignleft\" src=\"https:\/\/www.conect.at\/wp-content\/uploads\/2021\/02\/csm_swisscom.jpg\" alt=\"\" width=\"100\" height=\"76\" \/>Gesch\u00e4ftskunden erhalten bei\u00a0<a href=\"http:\/\/www.swisscom.ch\/de\/business\/enterprise.html\" target=\"_blank\" rel=\"noopener\">Swisscom Enterprise Customer<\/a>s alles aus einer Hand, um ihre digitale Zukunft erfolgreich zu gestalten. Als gr\u00f6sster ICT-Anbieter f\u00fcr Grosskunden in der Schweiz betreut Swisscom Enterprise Customers rund 6000 Gesch\u00e4ftskunden. Das umfassende Angebot reicht von massgeschneiderten L\u00f6sungen bis hin zu standardisierten Produkten.[\/vc_column_text][vc_column_text el_class=&#8221;floating-image-left&#8221;]<img loading=\"lazy\" class=\"size-full wp-image-1110 alignleft\" src=\"https:\/\/www.conect.at\/wp-content\/uploads\/2021\/02\/csm_syss_logo.jpg\" alt=\"\" width=\"100\" height=\"68\" \/>Gesch\u00e4ftskunden erhalten bei\u00a0<a href=\"http:\/\/www.swisscom.ch\/de\/business\/enterprise.html\" target=\"_blank\" rel=\"noopener noreferrer\">Swisscom Enterprise Customer<\/a>s alles aus einer Hand, um ihre digitale Zukunft erfolgreich zu gestalten. Als gr\u00f6sster ICT-Anbieter f\u00fcr Grosskunden in der Schweiz betreut Swisscom Enterprise Customers rund 6000 Gesch\u00e4ftskunden. Das umfassende Angebot reicht von massgeschneiderten L\u00f6sungen bis hin zu standardisierten Produkten.[\/vc_column_text][vc_column_text el_class=&#8221;floating-image-left&#8221;]<img loading=\"lazy\" class=\"size-full wp-image-1109 alignleft\" src=\"https:\/\/www.conect.at\/wp-content\/uploads\/2021\/02\/csm_USU.jpg\" alt=\"\" width=\"100\" height=\"100\" srcset=\"https:\/\/www.conect.at\/wp-content\/uploads\/2021\/02\/csm_USU.jpg 100w, https:\/\/www.conect.at\/wp-content\/uploads\/2021\/02\/csm_USU-75x75.jpg 75w\" sizes=\"(max-width: 100px) 100vw, 100px\" \/>Die\u00a0<a href=\"http:\/\/www.usu.de\/de\/\" target=\"_blank\" rel=\"noopener noreferrer\">USU AG<\/a>\u00a0ist der Software-Hersteller mit der gr\u00f6\u00dften funktionalen Bandbreite im IT- und Enterprise Service Management in Europa. Unsere Software Valuemation deckt nicht nur die \u00fcblichen ITSM-Prozesse ab, sondern bietet auch weiterf\u00fchrende Module \u2013 z.B. f\u00fcr Software-Lizenzmanagement, IT Financial Management, Infrastruktur- und Business Service Monitoring, Customer Relationship Management, Innovation Management, IT Analytics usw. Valuemation f\u00fchrt die Liste der von Pink Elephant zertifizierten ITSM-Tools weltweit an mit der maximalen Anzahl von 16 zertifizierten ITIL-Prozessen. Valuemation ist damit leistungsf\u00e4higer als die meisten internationalen Tools. Valuemation kann in allen Servicebereichen eingesetzt werden \u2013 best\u00e4tigt durch die Zertifizierung der SERVIEW GmbH f\u00fcr<\/p>\n<ul>\n<li>IT Service Management<\/li>\n<li>HR Service Management<\/li>\n<li>Facility Service Management<\/li>\n<li>Customer Service Management<\/li>\n<li>Marketing Service Management<\/li>\n<\/ul>\n<p>IT-Entscheider in der DACH-Region vergeben H\u00f6chstnoten. Das deutsche Analystenhaus Research in Action hat 500 IT-Budgetverantwortliche befragt: Valuemation ist ein \u00bbLeader\u00ab und erzielt in puncto Kundenzufriedenheit plus Preis-Leistungs-Verh\u00e4ltnis die beste Bewertung.\u00a0<a href=\"http:\/\/www.valuemation.com\/\" target=\"_blank\" rel=\"noopener noreferrer\">www.valuemation.com<\/a>[\/vc_column_text][vc_column_text el_class=&#8221;floating-image-left&#8221;]<img loading=\"lazy\" class=\"size-full wp-image-1108 alignleft\" src=\"https:\/\/www.conect.at\/wp-content\/uploads\/2021\/02\/csm_ZTP.jpg\" alt=\"\" width=\"100\" height=\"40\" \/>ZTP besch\u00e4ftigt als f\u00fchrende unabh\u00e4ngige IT-Pr\u00fcf- und \u00dcberwachungsstelle im Fach-bereich Informations- und Kommunikationstechnologie seit 1998 ein modernes Team ausgesuchter IT-Spezialisten mit langj\u00e4hriger Erfahrung aus den verschiedensten Fachbereichen der Informationstechnologie.<\/p>\n<p>Arbeitsschwerpunkte sind dabei die sicherheitstechnische Beratung und Pr\u00fcfung so-wie die \u00dcberwachung von IT-Projekten, IT-Konzepten, IT-Problemen und IT-Systemen. Die ZTP vom Staate verliehene Befugnis erm\u00f6glicht es, staatlich anerkannte sicher-heitstechnische Zertifizierungen durchzuf\u00fchren. Diese \u00f6ffentlichen Urkunden werden von den Beh\u00f6rden und Gerichten als gleichwertig mit den von der Beh\u00f6rde selbst ausgefertigten angesehen (Ziviltechnikergesetz \u00a7 4 Abs. 3 und Zivilprozessordnung \u00a7 292).[\/vc_column_text][vc_column_text]<a href=\"http:\/\/www.wirtschaftskammer.at\/\" target=\"_blank\" rel=\"noopener noreferrer\">Wirtschaftskammer \u00d6sterreich<\/a>, Fachgruppe f\u00fcr Unternehmensberatung und Informationstechnologie \/ Datenverarbeitung.[\/vc_column_text][\/vc_column_inner][vc_column_inner][\/vc_column_inner][\/vc_row_inner][\/vc_column][\/vc_row]<\/p>\n","protected":false},"excerpt":{"rendered":"<p>[vc_row][vc_column][vc_column_text] Unsere PartnerInnen Hier finden Sie Partner von Con.ect Eventmanagement Unternehmen [\/vc_column_text][vc_row_inner][vc_column_inner width=&#8221;1\/2&#8243;][vc_column_text el_class=&#8221;floating-image-left&#8221;]Wir sind\u00a0Alcatel-Lucent Enterprise. Unser Ziel ist es, alles miteinander zu vernetzen, um individuelle Technologieerlebnisse f\u00fcr die Anforderungen unserer Kunden zu schaffen. Wir liefern Netzwerke und Kommunikation vor Ort, in der Cloud und als Hybridl\u00f6sung, die Ihre Mitarbeiter, Prozesse und Kunden unterst\u00fctzen. Unser<\/p>\n","protected":false},"author":1,"featured_media":0,"parent":631,"menu_order":0,"comment_status":"closed","ping_status":"closed","template":"","meta":[],"_links":{"self":[{"href":"https:\/\/www.conect.at\/en\/wp-json\/wp\/v2\/pages\/629"}],"collection":[{"href":"https:\/\/www.conect.at\/en\/wp-json\/wp\/v2\/pages"}],"about":[{"href":"https:\/\/www.conect.at\/en\/wp-json\/wp\/v2\/types\/page"}],"author":[{"embeddable":true,"href":"https:\/\/www.conect.at\/en\/wp-json\/wp\/v2\/users\/1"}],"replies":[{"embeddable":true,"href":"https:\/\/www.conect.at\/en\/wp-json\/wp\/v2\/comments?post=629"}],"version-history":[{"count":0,"href":"https:\/\/www.conect.at\/en\/wp-json\/wp\/v2\/pages\/629\/revisions"}],"up":[{"embeddable":true,"href":"https:\/\/www.conect.at\/en\/wp-json\/wp\/v2\/pages\/631"}],"wp:attachment":[{"href":"https:\/\/www.conect.at\/en\/wp-json\/wp\/v2\/media?parent=629"}],"curies":[{"name":"wp","href":"https:\/\/api.w.org\/{rel}","templated":true}]}}