{"id":627,"date":"2020-08-26T08:25:29","date_gmt":"2020-08-26T06:25:29","guid":{"rendered":"http:\/\/dej-conect.local\/?page_id=627"},"modified":"2022-10-06T08:29:52","modified_gmt":"2022-10-06T06:29:52","slug":"firmenpartnerschaften","status":"publish","type":"page","link":"https:\/\/www.conect.at\/en\/netzwerk\/firmenpartnerschaften","title":{"rendered":"Firmen&shy;partnerschaften"},"content":{"rendered":"<p>[vc_row][vc_column][vc_column_text]<\/p>\n<h1>Unsere PartnerInnen<\/h1>\n<p>Hier finden Sie Partner von Con.ect Eventmanagement<\/p>\n<h4><strong>Institutionen<\/strong><\/h4>\n<p>[\/vc_column_text][vc_row_inner][vc_column_inner width=&#8221;1\/2&#8243;][vc_column_text el_class=&#8221;floating-image-left&#8221;]<img loading=\"lazy\" class=\"size-full wp-image-1095 alignleft\" src=\"https:\/\/www.conect.at\/wp-content\/uploads\/2021\/02\/csm_ait_2010.png\" alt=\"\" width=\"100\" height=\"21\" \/>Das Austrian IT Service Management Network ist eine Plattform f\u00fcr Unternehmen und ExpertInnen mit Themenschwerpunkt IT-Service und Business mit Themen wie z.B. Servicemanagement, Prozessoptimierung, IT Governance, Kennzahlen als Standards zur Leistungsmessung. Die Plattform wirkt durch Events, \u00d6ffentlichkeitsarbeit und vor allem durch internationalen Praxiserfahrungsaustausch.[\/vc_column_text][vc_column_text el_class=&#8221;floating-image-left&#8221;]<img loading=\"lazy\" class=\"size-full wp-image-1118 alignleft\" src=\"https:\/\/www.conect.at\/wp-content\/uploads\/2021\/02\/csm_arc-seibersorf.jpg\" alt=\"\" width=\"100\" height=\"16\" \/>Als gr\u00f6\u00dftes, an zehn Standorten vertretenes, au\u00dferuniversit\u00e4res Forschungsunternehmen \u00d6sterreichs leisten die <a href=\"http:\/\/www.arcs.ac.at\/\" target=\"_blank\" rel=\"noopener noreferrer\">Austrian Research Centers<\/a> einen wesentlichen Beitrag zur St\u00e4rkung der technologischen Wissensbasis der \u00f6sterreichischen Wirtschaft und zur Sicherung der Standorte im internationalen Wettbewerb.[\/vc_column_text][vc_column_text el_class=&#8221;floating-image-left&#8221;]<b><a href=\"https:\/\/www.bitsen.ch\/\" target=\"_blank\" rel=\"noopener noreferrer\"><img loading=\"lazy\" class=\"size-full wp-image-1119 alignleft\" src=\"https:\/\/www.conect.at\/wp-content\/uploads\/2021\/02\/csm_BITsen.jpg\" alt=\"\" width=\"100\" height=\"16\" \/>BITsen<\/a><\/b><br \/>\n<b>Business<\/b><br \/>\nBei Dienstleistungsorganisationen setzt sich zunehmend das Modell des umfassenden Service durch. IT Organisationen k\u00f6nnen davon lernen und umgekehrt profitieren alle Arten von Dienstleistern von den Methoden und Mitteln der Informatik. Auf unseren Forumsveranstaltungen d\u00fcrfen deshalb vermehrt Referenten begr\u00fcssen, die zeigen, wie Service Management im Tagesgesch\u00e4ft von Denner oder der Pizolbahn erfolgreich eingesetzt wird.<\/p>\n<p><b>IT<\/b><\/p>\n<p>Auch wenn die Informations-Technologie nicht mehr alleine im Mittelpunkt von Service Management steht, ist sie dennoch ein faszinierendes und m\u00e4chtiges Schl\u00fcsselelement f\u00fcr alle Arten der Transformation zum Service-Erbringer. Deshalb haben im BITSeN auch technische Themen wie zum Beispiel das Configuration Management System und Technologie-Anbieter ihren festen Platz.<\/p>\n<p><b>Service<\/b><\/p>\n<p>\u200bNicht nur ein Begriff, sondern eine Denkweise und eine Haltung. Service bedeutet Menschen einen Wert zu liefern ohne dass sie sich selbst um die internen Aspekte der Service-Erbringung k\u00fcmmern m\u00fcssen. Service Management bedeutet Nutzen, Kosten und Risiken gekonnt in ein Gleichgewicht zu bringen.<\/p>\n<p><b>Netzwerk<\/b><\/p>\n<p>\u200bKeine Organisation erbringt Services v\u00f6llig autonom. Wir alle sind in einem komplexen Netzwerk von gegenseitigen Dienstleistungen verwoben. In einem Netzwerk muss Information m\u00f6glichst rasch, sicher und frei flie\u00dfen k\u00f6nnen \u2013 diesem Anspruch f\u00fchlen wir uns im BITSeN verpflichtet. Wir bringen Anwender und Anbieter in einem Rahmen zusammen, der Werte und Wertsch\u00e4tzung in den Mittelpunkt stellt. Wirtschaftliche Interessen haben dabei durchaus Platz, solange sie transparent und zum Nutzen der Teilnehmer im Netzwerk sind.[\/vc_column_text][vc_column_text el_class=&#8221;floating-image-left&#8221;]<img loading=\"lazy\" class=\"size-full wp-image-1120 alignleft\" src=\"https:\/\/www.conect.at\/wp-content\/uploads\/2021\/02\/csm_300_future_network.png\" alt=\"\" width=\"100\" height=\"27\" \/>Das <a href=\"http:\/\/www.future-network.at\/de\/willkommen-beim-future-network\/\" target=\"_blank\" rel=\"noopener noreferrer\">Future Network<\/a> bietet IT- und Business-Entscheidern die besten Kontakte zu \u00fcber 1.000 internationalen Experten. Das Netzwerk-Event hat sich als Pr\u00e4sentationsbasis f\u00fcr junge IT-Kr\u00e4fte und als Dialogforum f\u00fcr vielversprechende Startups sowie die Scientific Community etabliert. Auf der in \u00d6sterreich einzigartigen unabh\u00e4ngigen Dialog- und Diskussionsplattform treten Entscheidungstr\u00e4ger in ungezwungener Atmosph\u00e4re mit L\u00f6sungsanbietern, Consultants, Wissenschaftlern und Anwendern in Kontakt.[\/vc_column_text][\/vc_column_inner][vc_column_inner width=&#8221;1\/2&#8243;][vc_column_text el_class=&#8221;floating-image-left&#8221;]<img loading=\"lazy\" class=\"size-full wp-image-1121 alignleft\" src=\"https:\/\/www.conect.at\/wp-content\/uploads\/2021\/02\/csm_itsmf_austria.png\" alt=\"\" width=\"100\" height=\"50\" \/>Das itSMF hat es sich zum Ziel gesetzt, als unabh\u00e4ngiger und nicht kommerzieller Verein die aktuellen Erkenntnisse und Methoden im Bereich des IT-Managements zu f\u00f6rdern und bekannt zu machen. Es ist eine Plattform zum Austausch von Informationen und Erfahrungen. itSMF veranstaltet Kongresse, Konferenzen, Seminare, gr\u00fcndet Arbeitskreise und publiziert auf seine Homepage und anderen Medien.[\/vc_column_text][vc_column_text el_class=&#8221;floating-image-left&#8221;]<img loading=\"lazy\" class=\"size-full wp-image-1122 alignleft\" src=\"https:\/\/www.conect.at\/wp-content\/uploads\/2021\/02\/csm_kdz_2012.png\" alt=\"\" width=\"100\" height=\"77\" \/>Das KDZ-Zentrum f\u00fcr Verwaltungsforschung nimmt die Rolle eines Kompetenzzentrums in den Bereichen Governance und Public Management, des \u00f6ffentlichen (Qualit\u00e4ts-) Managements, der Betriebswirtschaft der \u00f6ffentlichen Verwaltung, des Electronic Government und der \u00f6ffentlichen Finanzwirtschaft ein. Das KDZ bietet ma\u00dfgeschneiderte Konzepte und Umsetzungsbegleitung.[\/vc_column_text][vc_column_text el_class=&#8221;floating-image-left&#8221;]<img loading=\"lazy\" class=\"size-full wp-image-1123 alignleft\" src=\"https:\/\/www.conect.at\/wp-content\/uploads\/2021\/02\/csm_oevo.png\" alt=\"\" width=\"100\" height=\"37\" \/>Die \u00d6sterreichische Vereinigung f\u00fcr Organisation und Management, \u00d6VO, ist eine private, gemeinn\u00fctzige Vereinigung von OrganisatorInnen, die durch ihre Aktivit\u00e4ten zur Imagebildung und -aufwertung der Organisatorenarbeit beitr\u00e4gt.[\/vc_column_text][vc_column_text el_class=&#8221;floating-image-left&#8221;]<img loading=\"lazy\" class=\"size-full wp-image-1127 alignleft\" src=\"https:\/\/www.conect.at\/wp-content\/uploads\/2021\/02\/csm_pwm_2014.png\" alt=\"\" width=\"100\" height=\"25\" \/>Die\u00a0<a href=\"http:\/\/www.pwm.at\/\" target=\"_blank\" rel=\"noopener\">Plattform Wissensmanagement<\/a>\u00a0(PWM) ist die f\u00fchrende Community zum Thema Wissensmanagement. Sie ist unabh\u00e4ngig, interdisziplin\u00e4r und nicht-kommerziell. Ihre MitgliederInnen haben sich zum Ziel gesetzt, das Thema Wissensmanagement zu f\u00f6rdern, Interessierten einen \u00dcberblick zu bieten und Impulse zu setzen.[\/vc_column_text][vc_column_text el_class=&#8221;floating-image-left&#8221;]<img loading=\"lazy\" class=\"size-full wp-image-1124 alignleft\" src=\"https:\/\/www.conect.at\/wp-content\/uploads\/2021\/02\/csm_uni_rostock_kpl.png\" alt=\"\" width=\"100\" height=\"39\" \/>Universit\u00e4t Rostock, Fakult\u00e4t f\u00fcr Informatik und Elektrotechnik, <a href=\"http:\/\/wwwiuk.informatik.uni-rostock.de\/wer_sind_wir\/\" target=\"_blank\" rel=\"noopener noreferrer\">Lehrstuhl f\u00fcr Informations- und Kommunikationsdienste.<\/a>[\/vc_column_text][vc_column_text el_class=&#8221;floating-image-left&#8221;]<a href=\"https:\/\/www.voesi.or.at\/\" target=\"_blank\" rel=\"noopener noreferrer\"><img loading=\"lazy\" class=\"size-full wp-image-1125 alignleft\" src=\"https:\/\/www.conect.at\/wp-content\/uploads\/2021\/02\/csm_voesi_logo.jpg\" alt=\"\" width=\"100\" height=\"100\" srcset=\"https:\/\/www.conect.at\/wp-content\/uploads\/2021\/02\/csm_voesi_logo.jpg 100w, https:\/\/www.conect.at\/wp-content\/uploads\/2021\/02\/csm_voesi_logo-75x75.jpg 75w\" sizes=\"(max-width: 100px) 100vw, 100px\" \/>V\u00d6SI <\/a>&#8211; Als Partnerunternehmen von Sparx Systems haben wir die Kompetenz und Expertise im gezielten Einsatz von Enterprise Architect. Neben dem Werkzeug sind auch Methode, Erfahrung und (Modellierungs-) Sprachen die nachhaltigen Ansatzpunkte f\u00fcr die erfolgreiche Etablierung von EAM. Konkret: Wir setzen auf bew\u00e4hrte Technologien und offene Standards (\u00abArchimate\u00bb, \u00abTOGAF\u00bb, \u00abBPMN\u00bb,\u2026), Best-Practices und aktuelle Marktherausforderungen wie Cyber Security Modeling. Dabei nutzen wir unter anderem die neuesten Forschungsergebnisse des Austrian Institute of Technology (AIT).[\/vc_column_text][vc_column_text el_class=&#8221;floating-image-left&#8221;]<a href=\"http:\/\/www.wirtschaftskammer.at\/\" target=\"_blank\" rel=\"noopener noreferrer\"><img loading=\"lazy\" class=\"size-full wp-image-1126 alignnone\" src=\"https:\/\/www.conect.at\/wp-content\/uploads\/2021\/02\/csm_wirtschftskammer_oesterr.jpg\" alt=\"\" width=\"100\" height=\"31\" \/>Wirtschaftskammer \u00d6sterreich<\/a>, Fachgruppe f\u00fcr Unternehmensberatung und Informationstechnologie \/ Datenverarbeitung.<\/p>\n<p>[\/vc_column_text][vc_column_text el_class=&#8221;floating-image-left&#8221;]<strong><img loading=\"lazy\" class=\"alignleft wp-image-5309\" src=\"https:\/\/www.conect.at\/wp-content\/uploads\/2022\/10\/ubit_wi4.png\" alt=\"\" width=\"105\" height=\"46\" srcset=\"https:\/\/www.conect.at\/wp-content\/uploads\/2022\/10\/ubit_wi4.png 653w, https:\/\/www.conect.at\/wp-content\/uploads\/2022\/10\/ubit_wi4-500x218.png 500w, https:\/\/www.conect.at\/wp-content\/uploads\/2022\/10\/ubit_wi4-300x131.png 300w\" sizes=\"(max-width: 105px) 100vw, 105px\" \/>Fachgruppe Wien Unternehmensberatung, Buchhaltung <\/strong><strong>und Informationstechnologie<br \/>\n<\/strong>Sparte Information und Consulting<br \/>\nWirtschaftskammer Wien[\/vc_column_text][\/vc_column_inner][\/vc_row_inner][\/vc_column][\/vc_row]<\/p>\n","protected":false},"excerpt":{"rendered":"<p>[vc_row][vc_column][vc_column_text] Unsere PartnerInnen Hier finden Sie Partner von Con.ect Eventmanagement Institutionen [\/vc_column_text][vc_row_inner][vc_column_inner width=&#8221;1\/2&#8243;][vc_column_text el_class=&#8221;floating-image-left&#8221;]Das Austrian IT Service Management Network ist eine Plattform f\u00fcr Unternehmen und ExpertInnen mit Themenschwerpunkt IT-Service und Business mit Themen wie z.B. Servicemanagement, Prozessoptimierung, IT Governance, Kennzahlen als Standards zur Leistungsmessung. Die Plattform wirkt durch Events, \u00d6ffentlichkeitsarbeit und vor allem durch internationalen<\/p>\n","protected":false},"author":1,"featured_media":0,"parent":631,"menu_order":0,"comment_status":"closed","ping_status":"closed","template":"","meta":[],"_links":{"self":[{"href":"https:\/\/www.conect.at\/en\/wp-json\/wp\/v2\/pages\/627"}],"collection":[{"href":"https:\/\/www.conect.at\/en\/wp-json\/wp\/v2\/pages"}],"about":[{"href":"https:\/\/www.conect.at\/en\/wp-json\/wp\/v2\/types\/page"}],"author":[{"embeddable":true,"href":"https:\/\/www.conect.at\/en\/wp-json\/wp\/v2\/users\/1"}],"replies":[{"embeddable":true,"href":"https:\/\/www.conect.at\/en\/wp-json\/wp\/v2\/comments?post=627"}],"version-history":[{"count":0,"href":"https:\/\/www.conect.at\/en\/wp-json\/wp\/v2\/pages\/627\/revisions"}],"up":[{"embeddable":true,"href":"https:\/\/www.conect.at\/en\/wp-json\/wp\/v2\/pages\/631"}],"wp:attachment":[{"href":"https:\/\/www.conect.at\/en\/wp-json\/wp\/v2\/media?parent=627"}],"curies":[{"name":"wp","href":"https:\/\/api.w.org\/{rel}","templated":true}]}}