{"id":11081,"date":"2026-04-14T10:31:17","date_gmt":"2026-04-14T08:31:17","guid":{"rendered":"https:\/\/www.conect.at\/?page_id=11081"},"modified":"2026-04-14T10:31:17","modified_gmt":"2026-04-14T08:31:17","slug":"anmeldung-zum-zyklus-it-servicemanagement","status":"publish","type":"page","link":"https:\/\/www.conect.at\/en\/anmeldung-zum-zyklus-it-servicemanagement","title":{"rendered":"Anmeldung zum Zyklus IT-Servicemanagement"},"content":{"rendered":"<p class=\"p1\"><span class=\"s1\" style=\"color: #993300\"><b>21. April 2026, 14.35 Uhr<\/b><\/span><span class=\"s2\"><b><br \/>\nIntegration von Architektur-Inventaren zur Unterst\u00fctzung eines integrierten Architektur-Managements und Abbildung regulatorischer Anforderungen<br \/>\n<\/b><\/span><span class=\"s3\">Johannes Dobler (Bank Julius B\u00e4r)<\/span><\/p>\n<p class=\"p1\"><span class=\"s1\" style=\"color: #993300\"><b>21. April 2026, 15.25 Uhr<\/b><\/span><span class=\"s2\"><b><br \/>\nEnterprise Architecture trifft auf operative IT-Steuerung\u00a0\u2013 wie z.\u2009B. LeanIX und ServiceNow zusammenspielen<br \/>\n<\/b><\/span><span class=\"s3\">Christian Baier &amp; Michel Lambinus (Karer Consulting)<\/span><\/p>\n<p class=\"p1\"><span class=\"s1\" style=\"color: #993300\"><b>30. April 2026, 17.30 Uhr<\/b><\/span><span class=\"s2\"><b><br \/>\n\u00dcberlebenshandbuch f\u00fcr ITSM-Projekte \u2013 Fallstricke erkennen. Komplexit\u00e4t beherrschen (Buchvorstellung)<br \/>\n<\/b><\/span><span class=\"s3\">Robert Scholderer (Consultant)<\/span><\/p>\n<p class=\"p1\"><span class=\"s1\" style=\"color: #993300\"><b>30. April 2026, 18.00 Uhr<\/b><\/span><span class=\"s2\"><b><br \/>\nMensch + KI: Die ideale Kombination<br \/>\n<\/b><\/span><span class=\"s3\">Mathias Traugott (Punctdavista)<\/span><\/p>\n<div class=\"wpforms-container wpforms-container-full wpforms-render-modern\" id=\"wpforms-11080\"><form id=\"wpforms-form-11080\" class=\"wpforms-validate wpforms-form wpforms-ajax-form\" data-formid=\"11080\" method=\"post\" enctype=\"multipart\/form-data\" action=\"\/en\/wp-json\/wp\/v2\/pages\/11081\" data-token=\"df8b2a9ba2bf26a900ccce08f964751e\" data-token-time=\"1777536452\"><noscript class=\"wpforms-error-noscript\">Please enable JavaScript in your browser to complete this form.<\/noscript><div class=\"wpforms-hidden\" id=\"wpforms-error-noscript\">Please enable JavaScript in your browser to complete this form.<\/div><div class=\"wpforms-field-container\"><div id=\"wpforms-11080-field_26-container\" class=\"wpforms-field wpforms-field-checkbox\" data-field-id=\"26\"><fieldset><legend class=\"wpforms-field-label\">W\u00e4hlen Sie bitte, welche Vortr\u00e4ge Sie sehen m\u00f6chten <span class=\"wpforms-required-label\" aria-hidden=\"true\">*<\/span><\/legend><ul id=\"wpforms-11080-field_26\" class=\"wpforms-field-required\"><li class=\"choice-1 depth-1\"><input type=\"checkbox\" id=\"wpforms-11080-field_26_1\" name=\"wpforms[fields][26][]\" value=\"21. April 2026, 14.35 Uhr: Johannes Dobler (Bank Julius B\u00e4r): Integration von Architektur-Inventaren\" aria-errormessage=\"wpforms-11080-field_26_1-error\" required ><label class=\"wpforms-field-label-inline\" for=\"wpforms-11080-field_26_1\">21. April 2026, 14.35 Uhr: Johannes Dobler (Bank Julius B\u00e4r): Integration von Architektur-Inventaren<\/label><\/li><li class=\"choice-2 depth-1\"><input type=\"checkbox\" id=\"wpforms-11080-field_26_2\" name=\"wpforms[fields][26][]\" value=\"21. April 2026, 15.25 Uhr: Christian Baier &amp; Michel Lambinus (Karer Consulting): Enterprise Architecture trifft auf operative IT-Steuerung\" aria-errormessage=\"wpforms-11080-field_26_2-error\" required ><label class=\"wpforms-field-label-inline\" for=\"wpforms-11080-field_26_2\">21. April 2026, 15.25 Uhr: Christian Baier &amp; Michel Lambinus (Karer Consulting): Enterprise Architecture trifft auf operative IT-Steuerung<\/label><\/li><li class=\"choice-3 depth-1\"><input type=\"checkbox\" id=\"wpforms-11080-field_26_3\" name=\"wpforms[fields][26][]\" value=\"30. April 2026, 17.30 Uhr: Robert Scholderer (Consultant): \u00dcberlebenshandbuch f\u00fcr ITSM-Projekte\" aria-errormessage=\"wpforms-11080-field_26_3-error\" required ><label class=\"wpforms-field-label-inline\" for=\"wpforms-11080-field_26_3\">30. April 2026, 17.30 Uhr: Robert Scholderer (Consultant): \u00dcberlebenshandbuch f\u00fcr ITSM-Projekte<\/label><\/li><li class=\"choice-4 depth-1\"><input type=\"checkbox\" id=\"wpforms-11080-field_26_4\" name=\"wpforms[fields][26][]\" value=\"30. April 2026, 18.00 Uhr: Mathias Traugott (Punctdavista): Mensch + KI: Die ideale Kombination\" aria-errormessage=\"wpforms-11080-field_26_4-error\" required ><label class=\"wpforms-field-label-inline\" for=\"wpforms-11080-field_26_4\">30. April 2026, 18.00 Uhr: Mathias Traugott (Punctdavista): Mensch + KI: Die ideale Kombination<\/label><\/li><\/ul><\/fieldset><\/div><div id=\"wpforms-11080-field_2-container\" class=\"wpforms-field wpforms-field-select wpforms-field-select-style-classic\" data-field-id=\"2\"><label class=\"wpforms-field-label\" for=\"wpforms-11080-field_2\">Anrede <span class=\"wpforms-required-label\" aria-hidden=\"true\">*<\/span><\/label><select id=\"wpforms-11080-field_2\" class=\"wpforms-field-medium wpforms-field-required\" name=\"wpforms[fields][2]\" required=\"required\"><option value=\"Herr\" >Herr<\/option><option value=\"Frau\" >Frau<\/option><option value=\"Sonstiges\" >Sonstiges<\/option><\/select><\/div><div id=\"wpforms-11080-field_3-container\" class=\"wpforms-field wpforms-field-text\" data-field-id=\"3\"><label class=\"wpforms-field-label\" for=\"wpforms-11080-field_3\">Titel<\/label><input type=\"text\" id=\"wpforms-11080-field_3\" class=\"wpforms-field-medium\" name=\"wpforms[fields][3]\" aria-errormessage=\"wpforms-11080-field_3-error\" ><\/div><div id=\"wpforms-11080-field_4-container\" class=\"wpforms-field wpforms-field-text\" data-field-id=\"4\"><label class=\"wpforms-field-label\" for=\"wpforms-11080-field_4\">Vorname <span class=\"wpforms-required-label\" aria-hidden=\"true\">*<\/span><\/label><input type=\"text\" id=\"wpforms-11080-field_4\" class=\"wpforms-field-medium wpforms-field-required\" name=\"wpforms[fields][4]\" aria-errormessage=\"wpforms-11080-field_4-error\" required><\/div><div id=\"wpforms-11080-field_5-container\" class=\"wpforms-field wpforms-field-text\" data-field-id=\"5\"><label class=\"wpforms-field-label\" for=\"wpforms-11080-field_5\">Nachname <span class=\"wpforms-required-label\" aria-hidden=\"true\">*<\/span><\/label><input type=\"text\" id=\"wpforms-11080-field_5\" class=\"wpforms-field-medium wpforms-field-required\" name=\"wpforms[fields][5]\" aria-errormessage=\"wpforms-11080-field_5-error\" required><\/div><div id=\"wpforms-11080-field_6-container\" class=\"wpforms-field wpforms-field-text\" data-field-id=\"6\"><label class=\"wpforms-field-label\" for=\"wpforms-11080-field_6\">Firma<\/label><input type=\"text\" id=\"wpforms-11080-field_6\" class=\"wpforms-field-medium\" name=\"wpforms[fields][6]\" aria-errormessage=\"wpforms-11080-field_6-error\" ><\/div><div id=\"wpforms-11080-field_7-container\" class=\"wpforms-field wpforms-field-text\" data-field-id=\"7\"><label class=\"wpforms-field-label\" for=\"wpforms-11080-field_7\">Funktion<\/label><input type=\"text\" id=\"wpforms-11080-field_7\" class=\"wpforms-field-medium\" name=\"wpforms[fields][7]\" aria-errormessage=\"wpforms-11080-field_7-error\" ><\/div><div id=\"wpforms-11080-field_8-container\" class=\"wpforms-field wpforms-field-text\" data-field-id=\"8\"><label class=\"wpforms-field-label\" for=\"wpforms-11080-field_8\">Fachbereich<\/label><input type=\"text\" id=\"wpforms-11080-field_8\" class=\"wpforms-field-medium\" name=\"wpforms[fields][8]\" aria-errormessage=\"wpforms-11080-field_8-error\" ><\/div><div id=\"wpforms-11080-field_9-container\" class=\"wpforms-field wpforms-field-text\" data-field-id=\"9\"><label class=\"wpforms-field-label\" for=\"wpforms-11080-field_9\">Stra\u00dfe <span class=\"wpforms-required-label\" aria-hidden=\"true\">*<\/span><\/label><input type=\"text\" id=\"wpforms-11080-field_9\" class=\"wpforms-field-medium wpforms-field-required\" name=\"wpforms[fields][9]\" aria-errormessage=\"wpforms-11080-field_9-error\" required><\/div><div id=\"wpforms-11080-field_17-container\" class=\"wpforms-field wpforms-field-number\" data-field-id=\"17\"><label class=\"wpforms-field-label\" for=\"wpforms-11080-field_17\">PLZ <span class=\"wpforms-required-label\" aria-hidden=\"true\">*<\/span><\/label><input type=\"number\" id=\"wpforms-11080-field_17\" class=\"wpforms-field-medium wpforms-field-required\" name=\"wpforms[fields][17]\" aria-errormessage=\"wpforms-11080-field_17-error\" required><\/div>\t\t<div id=\"wpforms-11080-field_1-container\"\n\t\t\tclass=\"wpforms-field wpforms-field-text\"\n\t\t\tdata-field-type=\"text\"\n\t\t\tdata-field-id=\"1\"\n\t\t\t>\n\t\t\t<label class=\"wpforms-field-label\" for=\"wpforms-11080-field_1\" >best\u00e4tigen: Checkboxen welche<\/label>\n\t\t\t<input type=\"text\" id=\"wpforms-11080-field_1\" class=\"wpforms-field-medium\" name=\"wpforms[fields][1]\" >\n\t\t<\/div>\n\t\t<div id=\"wpforms-11080-field_11-container\" class=\"wpforms-field wpforms-field-text\" data-field-id=\"11\"><label class=\"wpforms-field-label\" for=\"wpforms-11080-field_11\">Ort <span class=\"wpforms-required-label\" aria-hidden=\"true\">*<\/span><\/label><input type=\"text\" id=\"wpforms-11080-field_11\" class=\"wpforms-field-medium wpforms-field-required\" name=\"wpforms[fields][11]\" aria-errormessage=\"wpforms-11080-field_11-error\" required><\/div><div id=\"wpforms-11080-field_12-container\" class=\"wpforms-field wpforms-field-text\" data-field-id=\"12\"><label class=\"wpforms-field-label\" for=\"wpforms-11080-field_12\">Land<\/label><input type=\"text\" id=\"wpforms-11080-field_12\" class=\"wpforms-field-medium\" name=\"wpforms[fields][12]\" aria-errormessage=\"wpforms-11080-field_12-error\" ><\/div><div id=\"wpforms-11080-field_13-container\" class=\"wpforms-field wpforms-field-text\" data-field-id=\"13\"><label class=\"wpforms-field-label\" for=\"wpforms-11080-field_13\">Telefon<\/label><input type=\"text\" id=\"wpforms-11080-field_13\" class=\"wpforms-field-medium\" name=\"wpforms[fields][13]\" aria-errormessage=\"wpforms-11080-field_13-error\" ><\/div><div id=\"wpforms-11080-field_15-container\" class=\"wpforms-field wpforms-field-text\" data-field-id=\"15\"><label class=\"wpforms-field-label\" for=\"wpforms-11080-field_15\">Mobiltelefon<\/label><input type=\"text\" id=\"wpforms-11080-field_15\" class=\"wpforms-field-medium\" name=\"wpforms[fields][15]\" aria-errormessage=\"wpforms-11080-field_15-error\" ><\/div><div id=\"wpforms-11080-field_16-container\" class=\"wpforms-field wpforms-field-email\" data-field-id=\"16\"><label class=\"wpforms-field-label\" for=\"wpforms-11080-field_16\">E-Mail-Adresse <span class=\"wpforms-required-label\" aria-hidden=\"true\">*<\/span><\/label><input type=\"email\" id=\"wpforms-11080-field_16\" class=\"wpforms-field-medium wpforms-field-required\" name=\"wpforms[fields][16]\" spellcheck=\"false\" aria-errormessage=\"wpforms-11080-field_16-error\" required><\/div><div id=\"wpforms-11080-field_19-container\" class=\"wpforms-field wpforms-field-checkbox\" data-field-id=\"19\"><fieldset><legend class=\"wpforms-field-label\">Bitte best\u00e4tigen: <span class=\"wpforms-required-label\" aria-hidden=\"true\">*<\/span><\/legend><ul id=\"wpforms-11080-field_19\" class=\"wpforms-field-required\"><li class=\"choice-1 depth-1\"><input type=\"checkbox\" id=\"wpforms-11080-field_19_1\" name=\"wpforms[fields][19][]\" value=\"Bitte best\u00e4tigen Sie hier die kostenfreie\/kostenpflichtige Teilnahme an der Veranstaltung und die kostenfreie Mitgliedschaft in der CON\u2022ECT Community. Dadurch beauftragen Sie uns mit der dauerhaften Speicherung von Teilnahme-Best\u00e4tigungen, Zertifikaten, Teilnahmelisten, Fotos, Dokumenten von Veranstaltungen und erhalten regelm\u00e4\u00dfig unseren Newsletter und Post Aussendungen. (PDF)\" aria-errormessage=\"wpforms-11080-field_19_1-error\" required ><label class=\"wpforms-field-label-inline\" for=\"wpforms-11080-field_19_1\">Bitte best\u00e4tigen Sie hier die kostenfreie\/kostenpflichtige Teilnahme an der Veranstaltung und die kostenfreie Mitgliedschaft in der CON\u2022ECT Community. Dadurch beauftragen Sie uns mit der dauerhaften Speicherung von Teilnahme-Best\u00e4tigungen, Zertifikaten, Teilnahmelisten, Fotos, Dokumenten von Veranstaltungen und erhalten regelm\u00e4\u00dfig unseren Newsletter und Post Aussendungen. (PDF)<\/label><\/li><li class=\"choice-2 depth-1\"><input type=\"checkbox\" id=\"wpforms-11080-field_19_2\" name=\"wpforms[fields][19][]\" value=\"Es gelten unsere AGBs f\u00fcr Veranstaltungen\" aria-errormessage=\"wpforms-11080-field_19_2-error\" required ><label class=\"wpforms-field-label-inline\" for=\"wpforms-11080-field_19_2\">Es gelten unsere AGBs f\u00fcr Veranstaltungen<\/label><\/li><li class=\"choice-3 depth-1\"><input type=\"checkbox\" id=\"wpforms-11080-field_19_3\" name=\"wpforms[fields][19][]\" value=\"Ich stimme den Datenschutzbestimmungen der CON\u2022ECT \/ des Future Network zu\" aria-errormessage=\"wpforms-11080-field_19_3-error\" required ><label class=\"wpforms-field-label-inline\" for=\"wpforms-11080-field_19_3\">Ich stimme den Datenschutzbestimmungen der CON\u2022ECT \/ des Future Network zu<\/label><\/li><\/ul><\/fieldset><\/div><div id=\"wpforms-11080-field_25-container\" class=\"wpforms-field wpforms-field-checkbox\" data-field-id=\"25\"><fieldset><legend class=\"wpforms-field-label\">Checkboxen<\/legend><ul id=\"wpforms-11080-field_25\"><li class=\"choice-1 depth-1\"><input type=\"checkbox\" id=\"wpforms-11080-field_25_1\" name=\"wpforms[fields][25][]\" value=\"Erste Auswahl\" aria-errormessage=\"wpforms-11080-field_25_1-error\"  ><label class=\"wpforms-field-label-inline\" for=\"wpforms-11080-field_25_1\">Erste Auswahl<\/label><\/li><li class=\"choice-2 depth-1\"><input type=\"checkbox\" id=\"wpforms-11080-field_25_2\" name=\"wpforms[fields][25][]\" value=\"Zweite Auswahl\" aria-errormessage=\"wpforms-11080-field_25_2-error\"  ><label class=\"wpforms-field-label-inline\" for=\"wpforms-11080-field_25_2\">Zweite Auswahl<\/label><\/li><li class=\"choice-3 depth-1\"><input type=\"checkbox\" id=\"wpforms-11080-field_25_3\" name=\"wpforms[fields][25][]\" value=\"Dritte Auswahl\" aria-errormessage=\"wpforms-11080-field_25_3-error\"  ><label class=\"wpforms-field-label-inline\" for=\"wpforms-11080-field_25_3\">Dritte Auswahl<\/label><\/li><\/ul><\/fieldset><\/div><script>\n\t\t\t\t( function() {\n\t\t\t\t\tconst style = document.createElement( 'style' );\n\t\t\t\t\tstyle.appendChild( document.createTextNode( '#wpforms-11080-field_1-container { position: absolute !important; overflow: hidden !important; display: inline !important; height: 1px !important; width: 1px !important; z-index: -1000 !important; padding: 0 !important; } #wpforms-11080-field_1-container input { visibility: hidden; } #wpforms-conversational-form-page #wpforms-11080-field_1-container label { counter-increment: none; }' ) );\n\t\t\t\t\tdocument.head.appendChild( style );\n\t\t\t\t\tdocument.currentScript?.remove();\n\t\t\t\t} )();\n\t\t\t<\/script><\/div><!-- .wpforms-field-container --><div class=\"wpforms-submit-container\" ><input type=\"hidden\" name=\"wpforms[id]\" value=\"11080\"><input type=\"hidden\" name=\"page_title\" value=\"\"><input type=\"hidden\" name=\"page_url\" value=\"https:\/\/www.conect.at\/en\/wp-json\/wp\/v2\/pages\/11081\"><button type=\"submit\" name=\"wpforms[submit]\" id=\"wpforms-submit-11080\" class=\"wpforms-submit\" data-alt-text=\"Wird gesendet\u00a0\u2026\" data-submit-text=\"anmelden\" aria-live=\"assertive\" value=\"wpforms-submit\">anmelden<\/button><img src=\"https:\/\/www.conect.at\/wp-content\/plugins\/wpforms-lite\/assets\/images\/submit-spin.svg\" class=\"wpforms-submit-spinner\" style=\"display: none;\" width=\"26\" height=\"26\" alt=\"Loading\"><\/div><\/form><\/div>  <!-- .wpforms-container -->\n","protected":false},"excerpt":{"rendered":"<p>21. April 2026, 14.35 Uhr Integration von Architektur-Inventaren zur Unterst\u00fctzung eines integrierten Architektur-Managements und Abbildung regulatorischer Anforderungen Johannes Dobler (Bank Julius B\u00e4r) 21. April 2026, 15.25 Uhr Enterprise Architecture trifft auf operative IT-Steuerung\u00a0\u2013 wie z.\u2009B. LeanIX und ServiceNow zusammenspielen Christian Baier &amp; Michel Lambinus (Karer Consulting) 30. April 2026, 17.30 Uhr \u00dcberlebenshandbuch f\u00fcr ITSM-Projekte \u2013<\/p>\n","protected":false},"author":6,"featured_media":0,"parent":0,"menu_order":0,"comment_status":"closed","ping_status":"closed","template":"","meta":[],"_links":{"self":[{"href":"https:\/\/www.conect.at\/en\/wp-json\/wp\/v2\/pages\/11081"}],"collection":[{"href":"https:\/\/www.conect.at\/en\/wp-json\/wp\/v2\/pages"}],"about":[{"href":"https:\/\/www.conect.at\/en\/wp-json\/wp\/v2\/types\/page"}],"author":[{"embeddable":true,"href":"https:\/\/www.conect.at\/en\/wp-json\/wp\/v2\/users\/6"}],"replies":[{"embeddable":true,"href":"https:\/\/www.conect.at\/en\/wp-json\/wp\/v2\/comments?post=11081"}],"version-history":[{"count":0,"href":"https:\/\/www.conect.at\/en\/wp-json\/wp\/v2\/pages\/11081\/revisions"}],"wp:attachment":[{"href":"https:\/\/www.conect.at\/en\/wp-json\/wp\/v2\/media?parent=11081"}],"curies":[{"name":"wp","href":"https:\/\/api.w.org\/{rel}","templated":true}]}}