{"id":10496,"date":"2025-05-16T15:01:26","date_gmt":"2025-05-16T13:01:26","guid":{"rendered":"https:\/\/www.conect.at\/?page_id=10496"},"modified":"2025-09-19T10:47:08","modified_gmt":"2025-09-19T08:47:08","slug":"anmeldung-ki-mit-verantwortung","status":"publish","type":"page","link":"https:\/\/www.conect.at\/en\/anmeldung-ki-mit-verantwortung","title":{"rendered":"Anmeldung: KI mit Verantwortung \u2013 23.6.2025"},"content":{"rendered":"<div class=\"wpforms-container wpforms-container-full wpforms-render-modern\" id=\"wpforms-10495\"><form id=\"wpforms-form-10495\" class=\"wpforms-validate wpforms-form wpforms-ajax-form\" data-formid=\"10495\" method=\"post\" enctype=\"multipart\/form-data\" action=\"\/en\/wp-json\/wp\/v2\/pages\/10496\" data-token=\"a605d293944a8e2d944b6db963846151\" data-token-time=\"1777124703\"><noscript class=\"wpforms-error-noscript\">Please enable JavaScript in your browser to complete this form.<\/noscript><div class=\"wpforms-hidden\" id=\"wpforms-error-noscript\">Please enable JavaScript in your browser to complete this form.<\/div><div class=\"wpforms-field-container\"><div id=\"wpforms-10495-field_23-container\" class=\"wpforms-field wpforms-field-checkbox\" data-field-id=\"23\"><fieldset><legend class=\"wpforms-field-label\">Teilnahme<\/legend><ul id=\"wpforms-10495-field_23\"><li class=\"choice-1 depth-1\"><input type=\"checkbox\" id=\"wpforms-10495-field_23_1\" name=\"wpforms[fields][23][]\" value=\"Vor Ort (Austrian Standards International 1020 Wien, Heinestra\u00dfe 38, 1.\u2009Stock)\" aria-errormessage=\"wpforms-10495-field_23_1-error\"  ><label class=\"wpforms-field-label-inline\" for=\"wpforms-10495-field_23_1\">Vor Ort (Austrian Standards International 1020 Wien, Heinestra\u00dfe 38, 1.\u2009Stock)<\/label><\/li><li class=\"choice-2 depth-1\"><input type=\"checkbox\" id=\"wpforms-10495-field_23_2\" name=\"wpforms[fields][23][]\" value=\"Online\" aria-errormessage=\"wpforms-10495-field_23_2-error\"  ><label class=\"wpforms-field-label-inline\" for=\"wpforms-10495-field_23_2\">Online<\/label><\/li><\/ul><\/fieldset><\/div><div id=\"wpforms-10495-field_2-container\" class=\"wpforms-field wpforms-field-select wpforms-field-select-style-classic\" data-field-id=\"2\"><label class=\"wpforms-field-label\" for=\"wpforms-10495-field_2\">Anrede <span class=\"wpforms-required-label\" aria-hidden=\"true\">*<\/span><\/label><select id=\"wpforms-10495-field_2\" class=\"wpforms-field-medium wpforms-field-required\" name=\"wpforms[fields][2]\" required=\"required\"><option value=\"Herr\" >Herr<\/option><option value=\"Frau\" >Frau<\/option><option value=\"Sonstiges\" >Sonstiges<\/option><\/select><\/div><div id=\"wpforms-10495-field_3-container\" class=\"wpforms-field wpforms-field-text\" data-field-id=\"3\"><label class=\"wpforms-field-label\" for=\"wpforms-10495-field_3\">Titel<\/label><input type=\"text\" id=\"wpforms-10495-field_3\" class=\"wpforms-field-medium\" name=\"wpforms[fields][3]\" aria-errormessage=\"wpforms-10495-field_3-error\" ><\/div><div id=\"wpforms-10495-field_4-container\" class=\"wpforms-field wpforms-field-text\" data-field-id=\"4\"><label class=\"wpforms-field-label\" for=\"wpforms-10495-field_4\">Vorname <span class=\"wpforms-required-label\" aria-hidden=\"true\">*<\/span><\/label><input type=\"text\" id=\"wpforms-10495-field_4\" class=\"wpforms-field-medium wpforms-field-required\" name=\"wpforms[fields][4]\" aria-errormessage=\"wpforms-10495-field_4-error\" required><\/div><div id=\"wpforms-10495-field_5-container\" class=\"wpforms-field wpforms-field-text\" data-field-id=\"5\"><label class=\"wpforms-field-label\" for=\"wpforms-10495-field_5\">Nachname <span class=\"wpforms-required-label\" aria-hidden=\"true\">*<\/span><\/label><input type=\"text\" id=\"wpforms-10495-field_5\" class=\"wpforms-field-medium wpforms-field-required\" name=\"wpforms[fields][5]\" aria-errormessage=\"wpforms-10495-field_5-error\" required><\/div><div id=\"wpforms-10495-field_20-container\" class=\"wpforms-field wpforms-field-text\" data-field-id=\"20\"><label class=\"wpforms-field-label\" for=\"wpforms-10495-field_20\">UID-Nr.<\/label><input type=\"text\" id=\"wpforms-10495-field_20\" class=\"wpforms-field-medium\" name=\"wpforms[fields][20]\" aria-errormessage=\"wpforms-10495-field_20-error\" ><\/div><div id=\"wpforms-10495-field_6-container\" class=\"wpforms-field wpforms-field-text\" data-field-id=\"6\"><label class=\"wpforms-field-label\" for=\"wpforms-10495-field_6\">Firma<\/label><input type=\"text\" id=\"wpforms-10495-field_6\" class=\"wpforms-field-medium\" name=\"wpforms[fields][6]\" aria-errormessage=\"wpforms-10495-field_6-error\" ><\/div><div id=\"wpforms-10495-field_7-container\" class=\"wpforms-field wpforms-field-text\" data-field-id=\"7\"><label class=\"wpforms-field-label\" for=\"wpforms-10495-field_7\">Funktion<\/label><input type=\"text\" id=\"wpforms-10495-field_7\" class=\"wpforms-field-medium\" name=\"wpforms[fields][7]\" aria-errormessage=\"wpforms-10495-field_7-error\" ><\/div><div id=\"wpforms-10495-field_8-container\" class=\"wpforms-field wpforms-field-text\" data-field-id=\"8\"><label class=\"wpforms-field-label\" for=\"wpforms-10495-field_8\">Fachbereich<\/label><input type=\"text\" id=\"wpforms-10495-field_8\" class=\"wpforms-field-medium\" name=\"wpforms[fields][8]\" aria-errormessage=\"wpforms-10495-field_8-error\" ><\/div><div id=\"wpforms-10495-field_9-container\" class=\"wpforms-field wpforms-field-text\" data-field-id=\"9\"><label class=\"wpforms-field-label\" for=\"wpforms-10495-field_9\">Stra\u00dfe <span class=\"wpforms-required-label\" aria-hidden=\"true\">*<\/span><\/label><input type=\"text\" id=\"wpforms-10495-field_9\" class=\"wpforms-field-medium wpforms-field-required\" name=\"wpforms[fields][9]\" aria-errormessage=\"wpforms-10495-field_9-error\" required><\/div><div id=\"wpforms-10495-field_17-container\" class=\"wpforms-field wpforms-field-number\" data-field-id=\"17\"><label class=\"wpforms-field-label\" for=\"wpforms-10495-field_17\">PLZ <span class=\"wpforms-required-label\" aria-hidden=\"true\">*<\/span><\/label><input type=\"number\" id=\"wpforms-10495-field_17\" class=\"wpforms-field-medium wpforms-field-required\" name=\"wpforms[fields][17]\" aria-errormessage=\"wpforms-10495-field_17-error\" required><\/div><div id=\"wpforms-10495-field_11-container\" class=\"wpforms-field wpforms-field-text\" data-field-id=\"11\"><label class=\"wpforms-field-label\" for=\"wpforms-10495-field_11\">Ort <span class=\"wpforms-required-label\" aria-hidden=\"true\">*<\/span><\/label><input type=\"text\" id=\"wpforms-10495-field_11\" class=\"wpforms-field-medium wpforms-field-required\" name=\"wpforms[fields][11]\" aria-errormessage=\"wpforms-10495-field_11-error\" required><\/div>\t\t<div id=\"wpforms-10495-field_1-container\"\n\t\t\tclass=\"wpforms-field wpforms-field-text\"\n\t\t\tdata-field-type=\"text\"\n\t\t\tdata-field-id=\"1\"\n\t\t\t>\n\t\t\t<label class=\"wpforms-field-label\" for=\"wpforms-10495-field_1\" >Land Funktion Anrede<\/label>\n\t\t\t<input type=\"text\" id=\"wpforms-10495-field_1\" class=\"wpforms-field-medium\" name=\"wpforms[fields][1]\" >\n\t\t<\/div>\n\t\t<div id=\"wpforms-10495-field_12-container\" class=\"wpforms-field wpforms-field-text\" data-field-id=\"12\"><label class=\"wpforms-field-label\" for=\"wpforms-10495-field_12\">Land<\/label><input type=\"text\" id=\"wpforms-10495-field_12\" class=\"wpforms-field-medium\" name=\"wpforms[fields][12]\" aria-errormessage=\"wpforms-10495-field_12-error\" ><\/div><div id=\"wpforms-10495-field_13-container\" class=\"wpforms-field wpforms-field-text\" data-field-id=\"13\"><label class=\"wpforms-field-label\" for=\"wpforms-10495-field_13\">Telefon <span class=\"wpforms-required-label\" aria-hidden=\"true\">*<\/span><\/label><input type=\"text\" id=\"wpforms-10495-field_13\" class=\"wpforms-field-medium wpforms-field-required\" name=\"wpforms[fields][13]\" aria-errormessage=\"wpforms-10495-field_13-error\" required><\/div><div id=\"wpforms-10495-field_15-container\" class=\"wpforms-field wpforms-field-text\" data-field-id=\"15\"><label class=\"wpforms-field-label\" for=\"wpforms-10495-field_15\">Mobiltelefon<\/label><input type=\"text\" id=\"wpforms-10495-field_15\" class=\"wpforms-field-medium\" name=\"wpforms[fields][15]\" aria-errormessage=\"wpforms-10495-field_15-error\" ><\/div><div id=\"wpforms-10495-field_16-container\" class=\"wpforms-field wpforms-field-email\" data-field-id=\"16\"><label class=\"wpforms-field-label\" for=\"wpforms-10495-field_16\">E-Mail-Adresse <span class=\"wpforms-required-label\" aria-hidden=\"true\">*<\/span><\/label><input type=\"email\" id=\"wpforms-10495-field_16\" class=\"wpforms-field-medium wpforms-field-required\" name=\"wpforms[fields][16]\" spellcheck=\"false\" aria-errormessage=\"wpforms-10495-field_16-error\" required><\/div><div id=\"wpforms-10495-field_19-container\" class=\"wpforms-field wpforms-field-checkbox\" data-field-id=\"19\"><fieldset><legend class=\"wpforms-field-label\">Bitte best\u00e4tigen: <span class=\"wpforms-required-label\" aria-hidden=\"true\">*<\/span><\/legend><ul id=\"wpforms-10495-field_19\" class=\"wpforms-field-required\"><li class=\"choice-4 depth-1\"><input type=\"checkbox\" id=\"wpforms-10495-field_19_4\" name=\"wpforms[fields][19][]\" value=\"Bitte schicken Sie mir Informationen zur Konferenz\" aria-errormessage=\"wpforms-10495-field_19_4-error\" required ><label class=\"wpforms-field-label-inline\" for=\"wpforms-10495-field_19_4\">Bitte schicken Sie mir Informationen zur Konferenz<\/label><\/li><li class=\"choice-2 depth-1\"><input type=\"checkbox\" id=\"wpforms-10495-field_19_2\" name=\"wpforms[fields][19][]\" value=\"Es gelten unsere AGBs f\u00fcr Veranstaltungen\" aria-errormessage=\"wpforms-10495-field_19_2-error\" required ><label class=\"wpforms-field-label-inline\" for=\"wpforms-10495-field_19_2\">Es gelten unsere AGBs f\u00fcr Veranstaltungen<\/label><\/li><li class=\"choice-3 depth-1\"><input type=\"checkbox\" id=\"wpforms-10495-field_19_3\" name=\"wpforms[fields][19][]\" value=\"Ich stimme den CON\u2022ECT Datenschutzbestimmungen \/ des Future Network zu\" aria-errormessage=\"wpforms-10495-field_19_3-error\" required ><label class=\"wpforms-field-label-inline\" for=\"wpforms-10495-field_19_3\">Ich stimme den CON\u2022ECT Datenschutzbestimmungen \/ des Future Network zu<\/label><\/li><\/ul><\/fieldset><\/div><script>\n\t\t\t\t( function() {\n\t\t\t\t\tconst style = document.createElement( 'style' );\n\t\t\t\t\tstyle.appendChild( document.createTextNode( '#wpforms-10495-field_1-container { position: absolute !important; overflow: hidden !important; display: inline !important; height: 1px !important; width: 1px !important; z-index: -1000 !important; padding: 0 !important; } #wpforms-10495-field_1-container input { visibility: hidden; } #wpforms-conversational-form-page #wpforms-10495-field_1-container label { counter-increment: none; }' ) );\n\t\t\t\t\tdocument.head.appendChild( style );\n\t\t\t\t\tdocument.currentScript?.remove();\n\t\t\t\t} )();\n\t\t\t<\/script><\/div><!-- .wpforms-field-container --><div class=\"wpforms-submit-container\" ><input type=\"hidden\" name=\"wpforms[id]\" value=\"10495\"><input type=\"hidden\" name=\"page_title\" value=\"\"><input type=\"hidden\" name=\"page_url\" value=\"https:\/\/www.conect.at\/en\/wp-json\/wp\/v2\/pages\/10496\"><button type=\"submit\" name=\"wpforms[submit]\" id=\"wpforms-submit-10495\" class=\"wpforms-submit\" data-alt-text=\"Wird gesendet\u00a0\u2026\" data-submit-text=\"anmelden\" aria-live=\"assertive\" value=\"wpforms-submit\">anmelden<\/button><img src=\"https:\/\/www.conect.at\/wp-content\/plugins\/wpforms-lite\/assets\/images\/submit-spin.svg\" class=\"wpforms-submit-spinner\" style=\"display: none;\" width=\"26\" height=\"26\" alt=\"Loading\"><\/div><\/form><\/div>  <!-- .wpforms-container -->\n","protected":false},"excerpt":{"rendered":"Please enable JavaScript in your browser to complete this form.Please enable JavaScript in your browser to complete this form.TeilnahmeVor Ort (Austrian Standards International 1020 Wien, Heinestra\u00dfe 38, 1.\u2009Stock)OnlineAnrede *HerrFrauSonstigesTitelVorname *Nachname *UID-Nr.FirmaFunktionFachbereich Teilnahme Nachname Bitte Stra\u00dfe *PLZ *Ort *LandTelefon *MobiltelefonE-Mail-Adresse *Bitte best\u00e4tigen: *Bitte schicken Sie mir Informationen zur KonferenzEs gelten unsere AGBs f\u00fcr VeranstaltungenIch stimme den","protected":false},"author":6,"featured_media":0,"parent":0,"menu_order":110,"comment_status":"closed","ping_status":"closed","template":"","meta":[],"_links":{"self":[{"href":"https:\/\/www.conect.at\/en\/wp-json\/wp\/v2\/pages\/10496"}],"collection":[{"href":"https:\/\/www.conect.at\/en\/wp-json\/wp\/v2\/pages"}],"about":[{"href":"https:\/\/www.conect.at\/en\/wp-json\/wp\/v2\/types\/page"}],"author":[{"embeddable":true,"href":"https:\/\/www.conect.at\/en\/wp-json\/wp\/v2\/users\/6"}],"replies":[{"embeddable":true,"href":"https:\/\/www.conect.at\/en\/wp-json\/wp\/v2\/comments?post=10496"}],"version-history":[{"count":0,"href":"https:\/\/www.conect.at\/en\/wp-json\/wp\/v2\/pages\/10496\/revisions"}],"wp:attachment":[{"href":"https:\/\/www.conect.at\/en\/wp-json\/wp\/v2\/media?parent=10496"}],"curies":[{"name":"wp","href":"https:\/\/api.w.org\/{rel}","templated":true}]}}