{"id":1036,"date":"2021-02-12T11:04:46","date_gmt":"2021-02-12T10:04:46","guid":{"rendered":"https:\/\/www.conect.at\/?page_id=1036"},"modified":"2021-02-12T11:04:52","modified_gmt":"2021-02-12T10:04:52","slug":"seminare-on-demand-inhouse","status":"publish","type":"page","link":"https:\/\/www.conect.at\/en\/angebot\/seminare\/seminare-on-demand-inhouse","title":{"rendered":"Seminare on Demand (Inhouse)"},"content":{"rendered":"<p>In der CON\u2022ECT Business Academy on Demand ist es uns m\u00f6glich, auf Ihre individuellen Termin- sowie Themen- oder Referentenw\u00fcnsche einzugehen. Sie k\u00f6nnen aus dem vielf\u00e4ltigen Seminarangebot der CON\u2022ECT Business Academy zu Themenschwerpunkten \u2013 wie zum Beispiel ITIL\u00ae v3, Softwaremethoden und -architektur, Webarchitektur, Webtechnologien, Design Thinking, Multi-Provider-Management oder Business Prozesse \u2013 Veranstaltungen w\u00e4hlen und diese als Inhouse-Seminare buchen.<\/p>\n<p>Unser umfassendes Veranstaltungsprogramm bietet Ihnen hochkar\u00e4tige Events, zertifizierte Ausbildungsprogramme, Seminare und Workshops mit Topspeakern aus \u00d6sterreich, Deutschland und der Schweiz. Dabei legen wir besonderen Wert auf die Verbindung von Business- und IT-Themen.<\/p>\n","protected":false},"excerpt":{"rendered":"<p>In der CON\u2022ECT Business Academy on Demand ist es uns m\u00f6glich, auf Ihre individuellen Termin- sowie Themen- oder Referentenw\u00fcnsche einzugehen. Sie k\u00f6nnen aus dem vielf\u00e4ltigen Seminarangebot der CON\u2022ECT Business Academy zu Themenschwerpunkten \u2013 wie zum Beispiel ITIL\u00ae v3, Softwaremethoden und -architektur, Webarchitektur, Webtechnologien, Design Thinking, Multi-Provider-Management oder Business Prozesse \u2013 Veranstaltungen w\u00e4hlen und diese als<\/p>\n","protected":false},"author":1,"featured_media":0,"parent":935,"menu_order":0,"comment_status":"closed","ping_status":"closed","template":"event-category.php","meta":[],"_links":{"self":[{"href":"https:\/\/www.conect.at\/en\/wp-json\/wp\/v2\/pages\/1036"}],"collection":[{"href":"https:\/\/www.conect.at\/en\/wp-json\/wp\/v2\/pages"}],"about":[{"href":"https:\/\/www.conect.at\/en\/wp-json\/wp\/v2\/types\/page"}],"author":[{"embeddable":true,"href":"https:\/\/www.conect.at\/en\/wp-json\/wp\/v2\/users\/1"}],"replies":[{"embeddable":true,"href":"https:\/\/www.conect.at\/en\/wp-json\/wp\/v2\/comments?post=1036"}],"version-history":[{"count":0,"href":"https:\/\/www.conect.at\/en\/wp-json\/wp\/v2\/pages\/1036\/revisions"}],"up":[{"embeddable":true,"href":"https:\/\/www.conect.at\/en\/wp-json\/wp\/v2\/pages\/935"}],"wp:attachment":[{"href":"https:\/\/www.conect.at\/en\/wp-json\/wp\/v2\/media?parent=1036"}],"curies":[{"name":"wp","href":"https:\/\/api.w.org\/{rel}","templated":true}]}}