{"id":1031,"date":"2021-02-12T08:09:11","date_gmt":"2021-02-12T07:09:11","guid":{"rendered":"https:\/\/www.conect.at\/?page_id=1031"},"modified":"2021-02-12T08:09:11","modified_gmt":"2021-02-12T07:09:11","slug":"referenten","status":"publish","type":"page","link":"https:\/\/www.conect.at\/en\/netzwerk\/referenten","title":{"rendered":"Referenten"},"content":{"rendered":"<ul class=\"tribe-venues-organizers-shortcode list tribe_organizer\"><li id=\"tribe_organizer-5988\" class=\"tec list tribe_organizer\"><div class=\"tribe-venues-organizers-info\"><a href=\"https:\/\/www.conect.at\/en\/speaker\/michael-bald\" title=\"Michael Bald\" target=\"_self\" rel=\"\">Michael Bald<\/a><\/div><\/li><li id=\"tribe_organizer-1373\" class=\"tec list tribe_organizer\"><div class=\"tribe-venues-organizers-info\"><a href=\"https:\/\/www.conect.at\/en\/speaker\/pichler-helmut\" title=\"Pichler Helmut\" target=\"_self\" rel=\"\">Pichler Helmut<\/a><\/div><\/li><\/ul>\n","protected":false},"excerpt":{"rendered":"&nbsp; Helmut Pichler hat auf zahlreichen nationalen und internationalen Veranstaltungen Vortr\u00e4ge zum Thema Software-Test gehalten und ist auch Country Ambassador der internationalen Konferenzen (EuroSTAR und Agile Testing Days). Er gestaltet das Nagarro Trainingsangebot aus Testsicht federf\u00fchrend mit und ist einer der wenigen \u00f6sterreichischen Trainer f\u00fcr den CAT (Certified Agile Tester\u00ae). Dar\u00fcber hinaus ist er Pr\u00e4sident","protected":false},"author":1,"featured_media":0,"parent":631,"menu_order":0,"comment_status":"closed","ping_status":"closed","template":"","meta":[],"_links":{"self":[{"href":"https:\/\/www.conect.at\/en\/wp-json\/wp\/v2\/pages\/1031"}],"collection":[{"href":"https:\/\/www.conect.at\/en\/wp-json\/wp\/v2\/pages"}],"about":[{"href":"https:\/\/www.conect.at\/en\/wp-json\/wp\/v2\/types\/page"}],"author":[{"embeddable":true,"href":"https:\/\/www.conect.at\/en\/wp-json\/wp\/v2\/users\/1"}],"replies":[{"embeddable":true,"href":"https:\/\/www.conect.at\/en\/wp-json\/wp\/v2\/comments?post=1031"}],"version-history":[{"count":0,"href":"https:\/\/www.conect.at\/en\/wp-json\/wp\/v2\/pages\/1031\/revisions"}],"up":[{"embeddable":true,"href":"https:\/\/www.conect.at\/en\/wp-json\/wp\/v2\/pages\/631"}],"wp:attachment":[{"href":"https:\/\/www.conect.at\/en\/wp-json\/wp\/v2\/media?parent=1031"}],"curies":[{"name":"wp","href":"https:\/\/api.w.org\/{rel}","templated":true}]}}