{"id":10239,"date":"2025-02-03T15:08:26","date_gmt":"2025-02-03T14:08:26","guid":{"rendered":"https:\/\/www.conect.at\/?page_id=10239"},"modified":"2025-09-19T10:47:02","modified_gmt":"2025-09-19T08:47:02","slug":"roundtable-eam","status":"publish","type":"page","link":"https:\/\/www.conect.at\/en\/roundtable-eam","title":{"rendered":"Online Round Table: Aktuelle Herausforderungen an das Enter\u00adprise Architecture Management 2025\/26"},"content":{"rendered":"<div class=\"wpforms-container wpforms-container-full wpforms-render-modern\" id=\"wpforms-10237\"><form id=\"wpforms-form-10237\" class=\"wpforms-validate wpforms-form wpforms-ajax-form\" data-formid=\"10237\" method=\"post\" enctype=\"multipart\/form-data\" action=\"\/en\/wp-json\/wp\/v2\/pages\/10239\" data-token=\"c527eceb1b5154df5f1acaeb05f9b6d6\" data-token-time=\"1777553221\"><noscript class=\"wpforms-error-noscript\">Please enable JavaScript in your browser to complete this form.<\/noscript><div class=\"wpforms-hidden\" id=\"wpforms-error-noscript\">Please enable JavaScript in your browser to complete this form.<\/div><div class=\"wpforms-field-container\"><div id=\"wpforms-10237-field_2-container\" class=\"wpforms-field wpforms-field-select wpforms-field-select-style-classic\" data-field-id=\"2\"><label class=\"wpforms-field-label\" for=\"wpforms-10237-field_2\">Anrede <span class=\"wpforms-required-label\" aria-hidden=\"true\">*<\/span><\/label><select id=\"wpforms-10237-field_2\" class=\"wpforms-field-medium wpforms-field-required\" name=\"wpforms[fields][2]\" required=\"required\"><option value=\"Herr\" >Herr<\/option><option value=\"Frau\" >Frau<\/option><option value=\"Sonstiges\" >Sonstiges<\/option><\/select><\/div><div id=\"wpforms-10237-field_3-container\" class=\"wpforms-field wpforms-field-text\" data-field-id=\"3\"><label class=\"wpforms-field-label\" for=\"wpforms-10237-field_3\">Titel<\/label><input type=\"text\" id=\"wpforms-10237-field_3\" class=\"wpforms-field-medium\" name=\"wpforms[fields][3]\" aria-errormessage=\"wpforms-10237-field_3-error\" ><\/div><div id=\"wpforms-10237-field_4-container\" class=\"wpforms-field wpforms-field-text\" data-field-id=\"4\"><label class=\"wpforms-field-label\" for=\"wpforms-10237-field_4\">Vorname <span class=\"wpforms-required-label\" aria-hidden=\"true\">*<\/span><\/label><input type=\"text\" id=\"wpforms-10237-field_4\" class=\"wpforms-field-medium wpforms-field-required\" name=\"wpforms[fields][4]\" aria-errormessage=\"wpforms-10237-field_4-error\" required><\/div><div id=\"wpforms-10237-field_5-container\" class=\"wpforms-field wpforms-field-text\" data-field-id=\"5\"><label class=\"wpforms-field-label\" for=\"wpforms-10237-field_5\">Nachname <span class=\"wpforms-required-label\" aria-hidden=\"true\">*<\/span><\/label><input type=\"text\" id=\"wpforms-10237-field_5\" class=\"wpforms-field-medium wpforms-field-required\" name=\"wpforms[fields][5]\" aria-errormessage=\"wpforms-10237-field_5-error\" required><\/div><div id=\"wpforms-10237-field_20-container\" class=\"wpforms-field wpforms-field-text\" data-field-id=\"20\"><label class=\"wpforms-field-label\" for=\"wpforms-10237-field_20\">UID-Nr.<\/label><input type=\"text\" id=\"wpforms-10237-field_20\" class=\"wpforms-field-medium\" name=\"wpforms[fields][20]\" aria-errormessage=\"wpforms-10237-field_20-error\" ><\/div><div id=\"wpforms-10237-field_6-container\" class=\"wpforms-field wpforms-field-text\" data-field-id=\"6\"><label class=\"wpforms-field-label\" for=\"wpforms-10237-field_6\">Firma<\/label><input type=\"text\" id=\"wpforms-10237-field_6\" class=\"wpforms-field-medium\" name=\"wpforms[fields][6]\" aria-errormessage=\"wpforms-10237-field_6-error\" ><\/div><div id=\"wpforms-10237-field_7-container\" class=\"wpforms-field wpforms-field-text\" data-field-id=\"7\"><label class=\"wpforms-field-label\" for=\"wpforms-10237-field_7\">Funktion<\/label><input type=\"text\" id=\"wpforms-10237-field_7\" class=\"wpforms-field-medium\" name=\"wpforms[fields][7]\" aria-errormessage=\"wpforms-10237-field_7-error\" ><\/div><div id=\"wpforms-10237-field_8-container\" class=\"wpforms-field wpforms-field-text\" data-field-id=\"8\"><label class=\"wpforms-field-label\" for=\"wpforms-10237-field_8\">Fachbereich<\/label><input type=\"text\" id=\"wpforms-10237-field_8\" class=\"wpforms-field-medium\" name=\"wpforms[fields][8]\" aria-errormessage=\"wpforms-10237-field_8-error\" ><\/div><div id=\"wpforms-10237-field_9-container\" class=\"wpforms-field wpforms-field-text\" data-field-id=\"9\"><label class=\"wpforms-field-label\" for=\"wpforms-10237-field_9\">Stra\u00dfe <span class=\"wpforms-required-label\" aria-hidden=\"true\">*<\/span><\/label><input type=\"text\" id=\"wpforms-10237-field_9\" class=\"wpforms-field-medium wpforms-field-required\" name=\"wpforms[fields][9]\" aria-errormessage=\"wpforms-10237-field_9-error\" required><\/div>\t\t<div id=\"wpforms-10237-field_1-container\"\n\t\t\tclass=\"wpforms-field wpforms-field-text\"\n\t\t\tdata-field-type=\"text\"\n\t\t\tdata-field-id=\"1\"\n\t\t\t>\n\t\t\t<label class=\"wpforms-field-label\" for=\"wpforms-10237-field_1\" >Anrede Land Mobiltelefon<\/label>\n\t\t\t<input type=\"text\" id=\"wpforms-10237-field_1\" class=\"wpforms-field-medium\" name=\"wpforms[fields][1]\" >\n\t\t<\/div>\n\t\t<div id=\"wpforms-10237-field_17-container\" class=\"wpforms-field wpforms-field-number\" data-field-id=\"17\"><label class=\"wpforms-field-label\" for=\"wpforms-10237-field_17\">PLZ <span class=\"wpforms-required-label\" aria-hidden=\"true\">*<\/span><\/label><input type=\"number\" id=\"wpforms-10237-field_17\" class=\"wpforms-field-medium wpforms-field-required\" name=\"wpforms[fields][17]\" aria-errormessage=\"wpforms-10237-field_17-error\" required><\/div><div id=\"wpforms-10237-field_11-container\" class=\"wpforms-field wpforms-field-text\" data-field-id=\"11\"><label class=\"wpforms-field-label\" for=\"wpforms-10237-field_11\">Ort <span class=\"wpforms-required-label\" aria-hidden=\"true\">*<\/span><\/label><input type=\"text\" id=\"wpforms-10237-field_11\" class=\"wpforms-field-medium wpforms-field-required\" name=\"wpforms[fields][11]\" aria-errormessage=\"wpforms-10237-field_11-error\" required><\/div><div id=\"wpforms-10237-field_12-container\" class=\"wpforms-field wpforms-field-text\" data-field-id=\"12\"><label class=\"wpforms-field-label\" for=\"wpforms-10237-field_12\">Land<\/label><input type=\"text\" id=\"wpforms-10237-field_12\" class=\"wpforms-field-medium\" name=\"wpforms[fields][12]\" aria-errormessage=\"wpforms-10237-field_12-error\" ><\/div><div id=\"wpforms-10237-field_13-container\" class=\"wpforms-field wpforms-field-text\" data-field-id=\"13\"><label class=\"wpforms-field-label\" for=\"wpforms-10237-field_13\">Telefon <span class=\"wpforms-required-label\" aria-hidden=\"true\">*<\/span><\/label><input type=\"text\" id=\"wpforms-10237-field_13\" class=\"wpforms-field-medium wpforms-field-required\" name=\"wpforms[fields][13]\" aria-errormessage=\"wpforms-10237-field_13-error\" required><\/div><div id=\"wpforms-10237-field_15-container\" class=\"wpforms-field wpforms-field-text\" data-field-id=\"15\"><label class=\"wpforms-field-label\" for=\"wpforms-10237-field_15\">Mobiltelefon<\/label><input type=\"text\" id=\"wpforms-10237-field_15\" class=\"wpforms-field-medium\" name=\"wpforms[fields][15]\" aria-errormessage=\"wpforms-10237-field_15-error\" ><\/div><div id=\"wpforms-10237-field_16-container\" class=\"wpforms-field wpforms-field-email\" data-field-id=\"16\"><label class=\"wpforms-field-label\" for=\"wpforms-10237-field_16\">E-Mail-Adresse <span class=\"wpforms-required-label\" aria-hidden=\"true\">*<\/span><\/label><input type=\"email\" id=\"wpforms-10237-field_16\" class=\"wpforms-field-medium wpforms-field-required\" name=\"wpforms[fields][16]\" spellcheck=\"false\" aria-errormessage=\"wpforms-10237-field_16-error\" required><\/div><div id=\"wpforms-10237-field_22-container\" class=\"wpforms-field wpforms-field-textarea\" data-field-id=\"22\"><label class=\"wpforms-field-label\" for=\"wpforms-10237-field_22\">Rechnungsadresse<\/label><textarea id=\"wpforms-10237-field_22\" class=\"wpforms-field-medium\" name=\"wpforms[fields][22]\" aria-errormessage=\"wpforms-10237-field_22-error\" ><\/textarea><\/div><div id=\"wpforms-10237-field_21-container\" class=\"wpforms-field wpforms-field-text\" data-field-id=\"21\"><label class=\"wpforms-field-label\" for=\"wpforms-10237-field_21\">Purchase order number \/ Auftragsorder \/ Empf\u00e4nger der Rechnung<\/label><input type=\"text\" id=\"wpforms-10237-field_21\" class=\"wpforms-field-medium\" name=\"wpforms[fields][21]\" aria-errormessage=\"wpforms-10237-field_21-error\" ><\/div><div id=\"wpforms-10237-field_19-container\" class=\"wpforms-field wpforms-field-checkbox\" data-field-id=\"19\"><fieldset><legend class=\"wpforms-field-label\">Bitte best\u00e4tigen: <span class=\"wpforms-required-label\" aria-hidden=\"true\">*<\/span><\/legend><ul id=\"wpforms-10237-field_19\" class=\"wpforms-field-required\"><li class=\"choice-4 depth-1\"><input type=\"checkbox\" id=\"wpforms-10237-field_19_4\" name=\"wpforms[fields][19][]\" value=\"Bitte schicken Sie mir Informationen zur Konferenz\" aria-errormessage=\"wpforms-10237-field_19_4-error\" required ><label class=\"wpforms-field-label-inline\" for=\"wpforms-10237-field_19_4\">Bitte schicken Sie mir Informationen zur Konferenz<\/label><\/li><li class=\"choice-2 depth-1\"><input type=\"checkbox\" id=\"wpforms-10237-field_19_2\" name=\"wpforms[fields][19][]\" value=\"Es gelten unsere AGBs f\u00fcr Veranstaltungen\" aria-errormessage=\"wpforms-10237-field_19_2-error\" required ><label class=\"wpforms-field-label-inline\" for=\"wpforms-10237-field_19_2\">Es gelten unsere AGBs f\u00fcr Veranstaltungen<\/label><\/li><li class=\"choice-1 depth-1\"><input type=\"checkbox\" id=\"wpforms-10237-field_19_1\" name=\"wpforms[fields][19][]\" value=\"Bitte best\u00e4tigen Sie hier die kostenfreie\/kostenpflichtige Teilnahme an der Veranstaltung und die kostenfreie Mitgliedschaft in der Con.ect Community. Dadurch beauftragen Sie uns mit der dauerhaften Speicherung von Teilnahme-Best\u00e4tigungen, Zertifikaten, Teilnahmelisten, Fotos, Dokumenten von Veranstaltungen und erhalten regelm\u00e4\u00dfig unseren Newsletter und Post Aussendungen. (PDF)\" aria-errormessage=\"wpforms-10237-field_19_1-error\" required ><label class=\"wpforms-field-label-inline\" for=\"wpforms-10237-field_19_1\">Bitte best\u00e4tigen Sie hier die kostenfreie\/kostenpflichtige Teilnahme an der Veranstaltung und die kostenfreie Mitgliedschaft in der Con.ect Community. Dadurch beauftragen Sie uns mit der dauerhaften Speicherung von Teilnahme-Best\u00e4tigungen, Zertifikaten, Teilnahmelisten, Fotos, Dokumenten von Veranstaltungen und erhalten regelm\u00e4\u00dfig unseren Newsletter und Post Aussendungen. (PDF)<\/label><\/li><li class=\"choice-3 depth-1\"><input type=\"checkbox\" id=\"wpforms-10237-field_19_3\" name=\"wpforms[fields][19][]\" value=\"Ich stimme den Con.ect Datenschutzbestimmungen \/ des Future Network zu\" aria-errormessage=\"wpforms-10237-field_19_3-error\" required ><label class=\"wpforms-field-label-inline\" for=\"wpforms-10237-field_19_3\">Ich stimme den Con.ect Datenschutzbestimmungen \/ des Future Network zu<\/label><\/li><\/ul><\/fieldset><\/div><script>\n\t\t\t\t( function() {\n\t\t\t\t\tconst style = document.createElement( 'style' );\n\t\t\t\t\tstyle.appendChild( document.createTextNode( '#wpforms-10237-field_1-container { position: absolute !important; overflow: hidden !important; display: inline !important; height: 1px !important; width: 1px !important; z-index: -1000 !important; padding: 0 !important; } #wpforms-10237-field_1-container input { visibility: hidden; } #wpforms-conversational-form-page #wpforms-10237-field_1-container label { counter-increment: none; }' ) );\n\t\t\t\t\tdocument.head.appendChild( style );\n\t\t\t\t\tdocument.currentScript?.remove();\n\t\t\t\t} )();\n\t\t\t<\/script><\/div><!-- .wpforms-field-container --><div class=\"wpforms-submit-container\" ><input type=\"hidden\" name=\"wpforms[id]\" value=\"10237\"><input type=\"hidden\" name=\"page_title\" value=\"\"><input type=\"hidden\" name=\"page_url\" value=\"https:\/\/www.conect.at\/en\/wp-json\/wp\/v2\/pages\/10239\"><button type=\"submit\" name=\"wpforms[submit]\" id=\"wpforms-submit-10237\" class=\"wpforms-submit\" data-alt-text=\"Wird gesendet\u00a0\u2026\" data-submit-text=\"anmelden\" aria-live=\"assertive\" value=\"wpforms-submit\">anmelden<\/button><img src=\"https:\/\/www.conect.at\/wp-content\/plugins\/wpforms-lite\/assets\/images\/submit-spin.svg\" class=\"wpforms-submit-spinner\" style=\"display: none;\" width=\"26\" height=\"26\" alt=\"Loading\"><\/div><\/form><\/div>  <!-- .wpforms-container -->\n","protected":false},"excerpt":{"rendered":"Please enable JavaScript in your browser to complete this form.Please enable JavaScript in your browser to complete this form.Anrede *HerrFrauSonstigesTitelVorname *Nachname *UID-Nr.FirmaFunktionFachbereichStra\u00dfe *PLZ *Ort *LandTelefon *MobiltelefonE-Mail-Adresse * E-Mail-Adresse Anrede order RechnungsadressePurchase order number \/ Auftragsorder \/ Empf\u00e4nger der RechnungBitte best\u00e4tigen: *Bitte schicken Sie mir Informationen zur KonferenzEs gelten unsere AGBs f\u00fcr VeranstaltungenBitte best\u00e4tigen Sie hier","protected":false},"author":6,"featured_media":0,"parent":0,"menu_order":63,"comment_status":"closed","ping_status":"closed","template":"","meta":[],"_links":{"self":[{"href":"https:\/\/www.conect.at\/en\/wp-json\/wp\/v2\/pages\/10239"}],"collection":[{"href":"https:\/\/www.conect.at\/en\/wp-json\/wp\/v2\/pages"}],"about":[{"href":"https:\/\/www.conect.at\/en\/wp-json\/wp\/v2\/types\/page"}],"author":[{"embeddable":true,"href":"https:\/\/www.conect.at\/en\/wp-json\/wp\/v2\/users\/6"}],"replies":[{"embeddable":true,"href":"https:\/\/www.conect.at\/en\/wp-json\/wp\/v2\/comments?post=10239"}],"version-history":[{"count":0,"href":"https:\/\/www.conect.at\/en\/wp-json\/wp\/v2\/pages\/10239\/revisions"}],"wp:attachment":[{"href":"https:\/\/www.conect.at\/en\/wp-json\/wp\/v2\/media?parent=10239"}],"curies":[{"name":"wp","href":"https:\/\/api.w.org\/{rel}","templated":true}]}}