{"id":102,"date":"2020-05-09T13:57:03","date_gmt":"2020-05-09T11:57:03","guid":{"rendered":"http:\/\/dej-conect.local\/?page_id=102"},"modified":"2025-09-19T10:47:01","modified_gmt":"2025-09-19T08:47:01","slug":"newsletter","status":"publish","type":"page","link":"https:\/\/www.conect.at\/en\/newsletter","title":{"rendered":"Newsletter"},"content":{"rendered":"<h2>Anmeldung\/Abmeldung vom Newsletter<\/h2>\n<div class=\"wpforms-container wpforms-container-full wpforms-render-modern\" id=\"wpforms-10143\"><form id=\"wpforms-form-10143\" class=\"wpforms-validate wpforms-form wpforms-ajax-form\" data-formid=\"10143\" method=\"post\" enctype=\"multipart\/form-data\" action=\"\/en\/wp-json\/wp\/v2\/pages\/102\" data-token=\"7996c9064288fa8f439a7dfb81aa2e3c\" data-token-time=\"1778742218\"><noscript class=\"wpforms-error-noscript\">Please enable JavaScript in your browser to complete this form.<\/noscript><div class=\"wpforms-hidden\" id=\"wpforms-error-noscript\">Please enable JavaScript in your browser to complete this form.<\/div><div class=\"wpforms-field-container\"><div id=\"wpforms-10143-field_20-container\" class=\"wpforms-field wpforms-field-radio\" data-field-id=\"20\"><fieldset><legend class=\"wpforms-field-label\">eMail-Newsletter... <span class=\"wpforms-required-label\" aria-hidden=\"true\">*<\/span><\/legend><ul id=\"wpforms-10143-field_20\" class=\"wpforms-field-required\"><li class=\"choice-1 depth-1 wpforms-selected\"><input type=\"radio\" id=\"wpforms-10143-field_20_1\" name=\"wpforms[fields][20]\" value=\"anmelden\" aria-errormessage=\"wpforms-10143-field_20_1-error\" required  checked='checked'><label class=\"wpforms-field-label-inline\" for=\"wpforms-10143-field_20_1\">anmelden<\/label><\/li><li class=\"choice-2 depth-1\"><input type=\"radio\" id=\"wpforms-10143-field_20_2\" name=\"wpforms[fields][20]\" value=\"abmelden\" aria-errormessage=\"wpforms-10143-field_20_2-error\" required ><label class=\"wpforms-field-label-inline\" for=\"wpforms-10143-field_20_2\">abmelden<\/label><\/li><\/ul><\/fieldset><\/div><div id=\"wpforms-10143-field_16-container\" class=\"wpforms-field wpforms-field-email\" data-field-id=\"16\"><label class=\"wpforms-field-label\" for=\"wpforms-10143-field_16\">E-Mail-Adresse <span class=\"wpforms-required-label\" aria-hidden=\"true\">*<\/span><\/label><input type=\"email\" id=\"wpforms-10143-field_16\" class=\"wpforms-field-medium wpforms-field-required\" name=\"wpforms[fields][16]\" spellcheck=\"false\" aria-errormessage=\"wpforms-10143-field_16-error\" required><\/div><div id=\"wpforms-10143-field_21-container\" class=\"wpforms-field wpforms-field-checkbox\" data-field-id=\"21\"><fieldset><legend class=\"wpforms-field-label\">Interessensgebiete<\/legend><ul id=\"wpforms-10143-field_21\"><li class=\"choice-1 depth-1\"><input type=\"checkbox\" id=\"wpforms-10143-field_21_1\" name=\"wpforms[fields][21][]\" value=\"DevOps &amp; ITSM\" aria-errormessage=\"wpforms-10143-field_21_1-error\"  ><label class=\"wpforms-field-label-inline\" for=\"wpforms-10143-field_21_1\">DevOps &amp; ITSM<\/label><\/li><li class=\"choice-2 depth-1\"><input type=\"checkbox\" id=\"wpforms-10143-field_21_2\" name=\"wpforms[fields][21][]\" value=\"Digitales Business\" aria-errormessage=\"wpforms-10143-field_21_2-error\"  ><label class=\"wpforms-field-label-inline\" for=\"wpforms-10143-field_21_2\">Digitales Business<\/label><\/li><li class=\"choice-3 depth-1\"><input type=\"checkbox\" id=\"wpforms-10143-field_21_3\" name=\"wpforms[fields][21][]\" value=\"IT-Strategie\" aria-errormessage=\"wpforms-10143-field_21_3-error\"  ><label class=\"wpforms-field-label-inline\" for=\"wpforms-10143-field_21_3\">IT-Strategie<\/label><\/li><li class=\"choice-4 depth-1\"><input type=\"checkbox\" id=\"wpforms-10143-field_21_4\" name=\"wpforms[fields][21][]\" value=\"Requirements Engineering\" aria-errormessage=\"wpforms-10143-field_21_4-error\"  ><label class=\"wpforms-field-label-inline\" for=\"wpforms-10143-field_21_4\">Requirements Engineering<\/label><\/li><li class=\"choice-5 depth-1\"><input type=\"checkbox\" id=\"wpforms-10143-field_21_5\" name=\"wpforms[fields][21][]\" value=\"Security\" aria-errormessage=\"wpforms-10143-field_21_5-error\"  ><label class=\"wpforms-field-label-inline\" for=\"wpforms-10143-field_21_5\">Security<\/label><\/li><li class=\"choice-7 depth-1\"><input type=\"checkbox\" id=\"wpforms-10143-field_21_7\" name=\"wpforms[fields][21][]\" value=\"Software-Architektur\" aria-errormessage=\"wpforms-10143-field_21_7-error\"  ><label class=\"wpforms-field-label-inline\" for=\"wpforms-10143-field_21_7\">Software-Architektur<\/label><\/li><li class=\"choice-6 depth-1\"><input type=\"checkbox\" id=\"wpforms-10143-field_21_6\" name=\"wpforms[fields][21][]\" value=\"Softwareentwicklung und Agilit\u00e4t\" aria-errormessage=\"wpforms-10143-field_21_6-error\"  ><label class=\"wpforms-field-label-inline\" for=\"wpforms-10143-field_21_6\">Softwareentwicklung und Agilit\u00e4t<\/label><\/li><li class=\"choice-8 depth-1\"><input type=\"checkbox\" id=\"wpforms-10143-field_21_8\" name=\"wpforms[fields][21][]\" value=\"Technologie - Trends\" aria-errormessage=\"wpforms-10143-field_21_8-error\"  ><label class=\"wpforms-field-label-inline\" for=\"wpforms-10143-field_21_8\">Technologie - Trends<\/label><\/li><\/ul><\/fieldset><\/div><div id=\"wpforms-10143-field_2-container\" class=\"wpforms-field wpforms-field-select wpforms-field-select-style-classic\" data-field-id=\"2\"><label class=\"wpforms-field-label\" for=\"wpforms-10143-field_2\">Anrede<\/label><select id=\"wpforms-10143-field_2\" class=\"wpforms-field-medium\" name=\"wpforms[fields][2]\"><option value=\"Herr\" >Herr<\/option><option value=\"Frau\" >Frau<\/option><option value=\"Sonstiges\" >Sonstiges<\/option><\/select><\/div><div id=\"wpforms-10143-field_3-container\" class=\"wpforms-field wpforms-field-text\" data-field-id=\"3\"><label class=\"wpforms-field-label\" for=\"wpforms-10143-field_3\">Titel<\/label><input type=\"text\" id=\"wpforms-10143-field_3\" class=\"wpforms-field-medium\" name=\"wpforms[fields][3]\" aria-errormessage=\"wpforms-10143-field_3-error\" ><\/div><div id=\"wpforms-10143-field_4-container\" class=\"wpforms-field wpforms-field-text\" data-field-id=\"4\"><label class=\"wpforms-field-label\" for=\"wpforms-10143-field_4\">Vorname<\/label><input type=\"text\" id=\"wpforms-10143-field_4\" class=\"wpforms-field-medium\" name=\"wpforms[fields][4]\" aria-errormessage=\"wpforms-10143-field_4-error\" ><\/div><div id=\"wpforms-10143-field_5-container\" class=\"wpforms-field wpforms-field-text\" data-field-id=\"5\"><label class=\"wpforms-field-label\" for=\"wpforms-10143-field_5\">Nachname<\/label><input type=\"text\" id=\"wpforms-10143-field_5\" class=\"wpforms-field-medium\" name=\"wpforms[fields][5]\" aria-errormessage=\"wpforms-10143-field_5-error\" ><\/div><div id=\"wpforms-10143-field_6-container\" class=\"wpforms-field wpforms-field-text\" data-field-id=\"6\"><label class=\"wpforms-field-label\" for=\"wpforms-10143-field_6\">Firma<\/label><input type=\"text\" id=\"wpforms-10143-field_6\" class=\"wpforms-field-medium\" name=\"wpforms[fields][6]\" aria-errormessage=\"wpforms-10143-field_6-error\" ><\/div><div id=\"wpforms-10143-field_7-container\" class=\"wpforms-field wpforms-field-text\" data-field-id=\"7\"><label class=\"wpforms-field-label\" for=\"wpforms-10143-field_7\">Funktion<\/label><input type=\"text\" id=\"wpforms-10143-field_7\" class=\"wpforms-field-medium\" name=\"wpforms[fields][7]\" aria-errormessage=\"wpforms-10143-field_7-error\" ><\/div><div id=\"wpforms-10143-field_9-container\" class=\"wpforms-field wpforms-field-text\" data-field-id=\"9\"><label class=\"wpforms-field-label\" for=\"wpforms-10143-field_9\">Stra\u00dfe<\/label><input type=\"text\" id=\"wpforms-10143-field_9\" class=\"wpforms-field-medium\" name=\"wpforms[fields][9]\" aria-errormessage=\"wpforms-10143-field_9-error\" ><\/div><div id=\"wpforms-10143-field_17-container\" class=\"wpforms-field wpforms-field-number\" data-field-id=\"17\"><label class=\"wpforms-field-label\" for=\"wpforms-10143-field_17\">PLZ<\/label><input type=\"number\" id=\"wpforms-10143-field_17\" class=\"wpforms-field-medium\" name=\"wpforms[fields][17]\" aria-errormessage=\"wpforms-10143-field_17-error\" ><\/div><div id=\"wpforms-10143-field_11-container\" class=\"wpforms-field wpforms-field-text\" data-field-id=\"11\"><label class=\"wpforms-field-label\" for=\"wpforms-10143-field_11\">Ort<\/label><input type=\"text\" id=\"wpforms-10143-field_11\" class=\"wpforms-field-medium\" name=\"wpforms[fields][11]\" aria-errormessage=\"wpforms-10143-field_11-error\" ><\/div><div id=\"wpforms-10143-field_12-container\" class=\"wpforms-field wpforms-field-text\" data-field-id=\"12\"><label class=\"wpforms-field-label\" for=\"wpforms-10143-field_12\">Land<\/label><input type=\"text\" id=\"wpforms-10143-field_12\" class=\"wpforms-field-medium\" name=\"wpforms[fields][12]\" aria-errormessage=\"wpforms-10143-field_12-error\" ><\/div>\t\t<div id=\"wpforms-10143-field_1-container\"\n\t\t\tclass=\"wpforms-field wpforms-field-text\"\n\t\t\tdata-field-type=\"text\"\n\t\t\tdata-field-id=\"1\"\n\t\t\t>\n\t\t\t<label class=\"wpforms-field-label\" for=\"wpforms-10143-field_1\" >Bitte Land PLZ<\/label>\n\t\t\t<input type=\"text\" id=\"wpforms-10143-field_1\" class=\"wpforms-field-medium\" name=\"wpforms[fields][1]\" >\n\t\t<\/div>\n\t\t<div id=\"wpforms-10143-field_13-container\" class=\"wpforms-field wpforms-field-text\" data-field-id=\"13\"><label class=\"wpforms-field-label\" for=\"wpforms-10143-field_13\">Telefon<\/label><input type=\"text\" id=\"wpforms-10143-field_13\" class=\"wpforms-field-medium\" name=\"wpforms[fields][13]\" aria-errormessage=\"wpforms-10143-field_13-error\" ><\/div><div id=\"wpforms-10143-field_19-container\" class=\"wpforms-field wpforms-field-checkbox\" data-field-id=\"19\"><fieldset><legend class=\"wpforms-field-label\">Bitte best\u00e4tigen: <span class=\"wpforms-required-label\" aria-hidden=\"true\">*<\/span><\/legend><ul id=\"wpforms-10143-field_19\" class=\"wpforms-field-required\"><li class=\"choice-1 depth-1\"><input type=\"checkbox\" id=\"wpforms-10143-field_19_1\" name=\"wpforms[fields][19][]\" value=\"Ich stimme den CON.ECT Datenschutzbestimmungen \/ des Future Network zu\" aria-errormessage=\"wpforms-10143-field_19_1-error\" required ><label class=\"wpforms-field-label-inline\" for=\"wpforms-10143-field_19_1\">Ich stimme den CON.ECT Datenschutzbestimmungen \/ des Future Network zu<\/label><\/li><li class=\"choice-2 depth-1\"><input type=\"checkbox\" id=\"wpforms-10143-field_19_2\" name=\"wpforms[fields][19][]\" value=\"Ich bin damit einverstanden, dass meine angegebenen Daten \u00fcber dieses Formular von CON\u2022ECT Eventmanagement GmbH elektronisch erhoben und gespeichert werden.\" aria-errormessage=\"wpforms-10143-field_19_2-error\" required ><label class=\"wpforms-field-label-inline\" for=\"wpforms-10143-field_19_2\">Ich bin damit einverstanden, dass meine angegebenen Daten \u00fcber dieses Formular von CON\u2022ECT Eventmanagement GmbH elektronisch erhoben und gespeichert werden.<\/label><\/li><\/ul><\/fieldset><\/div><script>\n\t\t\t\t( function() {\n\t\t\t\t\tconst style = document.createElement( 'style' );\n\t\t\t\t\tstyle.appendChild( document.createTextNode( '#wpforms-10143-field_1-container { position: absolute !important; overflow: hidden !important; display: inline !important; height: 1px !important; width: 1px !important; z-index: -1000 !important; padding: 0 !important; } #wpforms-10143-field_1-container input { visibility: hidden; } #wpforms-conversational-form-page #wpforms-10143-field_1-container label { counter-increment: none; }' ) );\n\t\t\t\t\tdocument.head.appendChild( style );\n\t\t\t\t\tdocument.currentScript?.remove();\n\t\t\t\t} )();\n\t\t\t<\/script><\/div><!-- .wpforms-field-container --><div class=\"wpforms-submit-container\" ><input type=\"hidden\" name=\"wpforms[id]\" value=\"10143\"><input type=\"hidden\" name=\"page_title\" value=\"\"><input type=\"hidden\" name=\"page_url\" value=\"https:\/\/www.conect.at\/en\/wp-json\/wp\/v2\/pages\/102\"><button type=\"submit\" name=\"wpforms[submit]\" id=\"wpforms-submit-10143\" class=\"wpforms-submit\" data-alt-text=\"Wird gesendet\u00a0\u2026\" data-submit-text=\"anmelden\/aktualisieren\" aria-live=\"assertive\" value=\"wpforms-submit\">anmelden\/aktualisieren<\/button><img src=\"https:\/\/www.conect.at\/wp-content\/plugins\/wpforms-lite\/assets\/images\/submit-spin.svg\" class=\"wpforms-submit-spinner\" style=\"display: none;\" width=\"26\" height=\"26\" alt=\"Loading\"><\/div><\/form><\/div>  <!-- .wpforms-container -->\n<p>Dieses Formular sammelt Ihren Namen, Ihre Telefonnummer und Ihre E-Mail-Adresse, damit unsere Mitarbeiter mit Ihnen kommunizieren und Ihnen weiterhelfen k\u00f6nnen. Diese Einwilligung k\u00f6nnen Sie jederzeit durch eine Nachricht an uns widerrufen. Im Falle des Widerrufs werden Ihre Daten umgehend gel\u00f6scht. Weitere Informationen entnehmen Sie der\u00a0<a title=\"Datenschutzerkl\u00e4rung\" href=\"https:\/\/www.conect.at\/datenschutz\">Datenschutzerkl\u00e4rung<\/a>.<\/p>\n","protected":false},"excerpt":{"rendered":"<p>Anmeldung\/Abmeldung vom Newsletter Dieses Formular sammelt Ihren Namen, Ihre Telefonnummer und Ihre E-Mail-Adresse, damit unsere Mitarbeiter mit Ihnen kommunizieren und Ihnen weiterhelfen k\u00f6nnen. Diese Einwilligung k\u00f6nnen Sie jederzeit durch eine Nachricht an uns widerrufen. Im Falle des Widerrufs werden Ihre Daten umgehend gel\u00f6scht. Weitere Informationen entnehmen Sie der\u00a0Datenschutzerkl\u00e4rung.<\/p>\n","protected":false},"author":1,"featured_media":0,"parent":0,"menu_order":62,"comment_status":"closed","ping_status":"closed","template":"","meta":[],"_links":{"self":[{"href":"https:\/\/www.conect.at\/en\/wp-json\/wp\/v2\/pages\/102"}],"collection":[{"href":"https:\/\/www.conect.at\/en\/wp-json\/wp\/v2\/pages"}],"about":[{"href":"https:\/\/www.conect.at\/en\/wp-json\/wp\/v2\/types\/page"}],"author":[{"embeddable":true,"href":"https:\/\/www.conect.at\/en\/wp-json\/wp\/v2\/users\/1"}],"replies":[{"embeddable":true,"href":"https:\/\/www.conect.at\/en\/wp-json\/wp\/v2\/comments?post=102"}],"version-history":[{"count":0,"href":"https:\/\/www.conect.at\/en\/wp-json\/wp\/v2\/pages\/102\/revisions"}],"wp:attachment":[{"href":"https:\/\/www.conect.at\/en\/wp-json\/wp\/v2\/media?parent=102"}],"curies":[{"name":"wp","href":"https:\/\/api.w.org\/{rel}","templated":true}]}}