{"id":10120,"date":"2024-12-18T15:07:41","date_gmt":"2024-12-18T14:07:41","guid":{"rendered":"https:\/\/www.conect.at\/?page_id=10120"},"modified":"2025-09-19T10:47:04","modified_gmt":"2025-09-19T08:47:04","slug":"anmeldeformular-eam-wien-2025","status":"publish","type":"page","link":"https:\/\/www.conect.at\/en\/anmeldeformular-eam-wien-2025","title":{"rendered":"Anmeldeformular EAM Wien 2025"},"content":{"rendered":"<h4>Termine<\/h4>\n<p><strong>Modul 1:<\/strong> 14. Juli 2025<br \/>\n<strong>Modul 2:<\/strong> 15. Juli 2025<br \/>\n<strong>Modul 3:<\/strong> 16. Juli 2025<br \/>\n<strong>Modul 4:<\/strong> 28. Juli 2025<br \/>\n<strong>Modul 5:<\/strong> 29. Juli 2025<br \/>\n<strong>Modul 6:<\/strong> 30. Juli 2025<\/p>\n<h4>Preise<\/h4>\n<p><strong>Gesamtlehrgang:<\/strong> \u20ac 4.400,\u2013<br \/>\nFr\u00fchbucher*: 3.800,\u2013<\/p>\n<p><strong>Einzelmodul:<\/strong> \u20ac 1.100,\u2013<br \/>\nFr\u00fchbucher*: \u20ac 900,\u2013<\/p>\n<p>*Bis 4 Wochen vor Kurstermin<br \/>\nAlle Preise zuz\u00fcglich 20% MwSt.<\/p>\n<div class=\"wpforms-container wpforms-container-full wpforms-render-modern\" id=\"wpforms-10114\"><form id=\"wpforms-form-10114\" class=\"wpforms-validate wpforms-form wpforms-ajax-form\" data-formid=\"10114\" method=\"post\" enctype=\"multipart\/form-data\" action=\"\/en\/wp-json\/wp\/v2\/pages\/10120\" data-token=\"4b97869bdce27242236b738a9e2d375c\" data-token-time=\"1777071944\"><div class=\"wpforms-head-container\"><div class=\"wpforms-title\">EAM Wien 2025<\/div><\/div><noscript class=\"wpforms-error-noscript\">Please enable JavaScript in your browser to complete this form.<\/noscript><div class=\"wpforms-hidden\" id=\"wpforms-error-noscript\">Please enable JavaScript in your browser to complete this form.<\/div><div class=\"wpforms-field-container\"><div id=\"wpforms-10114-field_18-container\" class=\"wpforms-field wpforms-field-checkbox\" data-field-id=\"18\"><fieldset><legend class=\"wpforms-field-label\">Anmeldung \/ Bestellung<\/legend><ul id=\"wpforms-10114-field_18\"><li class=\"choice-4 depth-1\"><input type=\"checkbox\" id=\"wpforms-10114-field_18_4\" name=\"wpforms[fields][18][]\" value=\"\u20ac 890,\u2013 (+\u200920\u2006% MwSt.) Fr\u00fchbucher bis 22.\u200912.\u200924\" aria-errormessage=\"wpforms-10114-field_18_4-error\"  ><label class=\"wpforms-field-label-inline\" for=\"wpforms-10114-field_18_4\">\u20ac 890,\u2013 (+\u200920\u2006% MwSt.) Fr\u00fchbucher bis 22.\u200912.\u200924<\/label><\/li><li class=\"choice-2 depth-1\"><input type=\"checkbox\" id=\"wpforms-10114-field_18_2\" name=\"wpforms[fields][18][]\" value=\"\u20ac 990,\u2013 (+\u200920\u2006% MwSt.) bei Buchung bis 20.\u20092.\u200925\" aria-errormessage=\"wpforms-10114-field_18_2-error\"  ><label class=\"wpforms-field-label-inline\" for=\"wpforms-10114-field_18_2\">\u20ac 990,\u2013 (+\u200920\u2006% MwSt.) bei Buchung bis 20.\u20092.\u200925<\/label><\/li><li class=\"choice-3 depth-1\"><input type=\"checkbox\" id=\"wpforms-10114-field_18_3\" name=\"wpforms[fields][18][]\" value=\"\u20ac 1090,\u2013 (+\u200920\u2006% MwSt.) Sp\u00e4tbucher ab 11.\u20092.\u200925\" aria-errormessage=\"wpforms-10114-field_18_3-error\"  ><label class=\"wpforms-field-label-inline\" for=\"wpforms-10114-field_18_3\">\u20ac 1090,\u2013 (+\u200920\u2006% MwSt.) Sp\u00e4tbucher ab 11.\u20092.\u200925<\/label><\/li><\/ul><\/fieldset><\/div><div id=\"wpforms-10114-field_20-container\" class=\"wpforms-field wpforms-field-text\" data-field-id=\"20\"><label class=\"wpforms-field-label\" for=\"wpforms-10114-field_20\">Aktionscode<\/label><input type=\"text\" id=\"wpforms-10114-field_20\" class=\"wpforms-field-medium\" name=\"wpforms[fields][20]\" aria-errormessage=\"wpforms-10114-field_20-error\" ><\/div><div id=\"wpforms-10114-field_2-container\" class=\"wpforms-field wpforms-field-select wpforms-field-select-style-classic\" data-field-id=\"2\"><label class=\"wpforms-field-label\" for=\"wpforms-10114-field_2\">Anrede <span class=\"wpforms-required-label\" aria-hidden=\"true\">*<\/span><\/label><select id=\"wpforms-10114-field_2\" class=\"wpforms-field-medium wpforms-field-required\" name=\"wpforms[fields][2]\" required=\"required\"><option value=\"Herr\" >Herr<\/option><option value=\"Frau\" >Frau<\/option><option value=\"Sonstiges\" >Sonstiges<\/option><\/select><\/div><div id=\"wpforms-10114-field_3-container\" class=\"wpforms-field wpforms-field-text\" data-field-id=\"3\"><label class=\"wpforms-field-label\" for=\"wpforms-10114-field_3\">Titel<\/label><input type=\"text\" id=\"wpforms-10114-field_3\" class=\"wpforms-field-medium\" name=\"wpforms[fields][3]\" aria-errormessage=\"wpforms-10114-field_3-error\" ><\/div><div id=\"wpforms-10114-field_4-container\" class=\"wpforms-field wpforms-field-text\" data-field-id=\"4\"><label class=\"wpforms-field-label\" for=\"wpforms-10114-field_4\">Vorname <span class=\"wpforms-required-label\" aria-hidden=\"true\">*<\/span><\/label><input type=\"text\" id=\"wpforms-10114-field_4\" class=\"wpforms-field-medium wpforms-field-required\" name=\"wpforms[fields][4]\" aria-errormessage=\"wpforms-10114-field_4-error\" required><\/div><div id=\"wpforms-10114-field_5-container\" class=\"wpforms-field wpforms-field-text\" data-field-id=\"5\"><label class=\"wpforms-field-label\" for=\"wpforms-10114-field_5\">Nachname <span class=\"wpforms-required-label\" aria-hidden=\"true\">*<\/span><\/label><input type=\"text\" id=\"wpforms-10114-field_5\" class=\"wpforms-field-medium wpforms-field-required\" name=\"wpforms[fields][5]\" aria-errormessage=\"wpforms-10114-field_5-error\" required><\/div>\t\t<div id=\"wpforms-10114-field_1-container\"\n\t\t\tclass=\"wpforms-field wpforms-field-text\"\n\t\t\tdata-field-type=\"text\"\n\t\t\tdata-field-id=\"1\"\n\t\t\t>\n\t\t\t<label class=\"wpforms-field-label\" for=\"wpforms-10114-field_1\" >Purchase Land E-Mail-Adresse<\/label>\n\t\t\t<input type=\"text\" id=\"wpforms-10114-field_1\" class=\"wpforms-field-medium\" name=\"wpforms[fields][1]\" >\n\t\t<\/div>\n\t\t<div id=\"wpforms-10114-field_6-container\" class=\"wpforms-field wpforms-field-text\" data-field-id=\"6\"><label class=\"wpforms-field-label\" for=\"wpforms-10114-field_6\">Firma<\/label><input type=\"text\" id=\"wpforms-10114-field_6\" class=\"wpforms-field-medium\" name=\"wpforms[fields][6]\" aria-errormessage=\"wpforms-10114-field_6-error\" ><\/div><div id=\"wpforms-10114-field_21-container\" class=\"wpforms-field wpforms-field-text\" data-field-id=\"21\"><label class=\"wpforms-field-label\" for=\"wpforms-10114-field_21\">UID-Nummer<\/label><input type=\"text\" id=\"wpforms-10114-field_21\" class=\"wpforms-field-medium\" name=\"wpforms[fields][21]\" aria-errormessage=\"wpforms-10114-field_21-error\" ><\/div><div id=\"wpforms-10114-field_7-container\" class=\"wpforms-field wpforms-field-text\" data-field-id=\"7\"><label class=\"wpforms-field-label\" for=\"wpforms-10114-field_7\">Funktion<\/label><input type=\"text\" id=\"wpforms-10114-field_7\" class=\"wpforms-field-medium\" name=\"wpforms[fields][7]\" aria-errormessage=\"wpforms-10114-field_7-error\" ><\/div><div id=\"wpforms-10114-field_8-container\" class=\"wpforms-field wpforms-field-text\" data-field-id=\"8\"><label class=\"wpforms-field-label\" for=\"wpforms-10114-field_8\">Fachbereich<\/label><input type=\"text\" id=\"wpforms-10114-field_8\" class=\"wpforms-field-medium\" name=\"wpforms[fields][8]\" aria-errormessage=\"wpforms-10114-field_8-error\" ><\/div><div id=\"wpforms-10114-field_9-container\" class=\"wpforms-field wpforms-field-text\" data-field-id=\"9\"><label class=\"wpforms-field-label\" for=\"wpforms-10114-field_9\">Stra\u00dfe <span class=\"wpforms-required-label\" aria-hidden=\"true\">*<\/span><\/label><input type=\"text\" id=\"wpforms-10114-field_9\" class=\"wpforms-field-medium wpforms-field-required\" name=\"wpforms[fields][9]\" aria-errormessage=\"wpforms-10114-field_9-error\" required><\/div><div id=\"wpforms-10114-field_17-container\" class=\"wpforms-field wpforms-field-number\" data-field-id=\"17\"><label class=\"wpforms-field-label\" for=\"wpforms-10114-field_17\">PLZ <span class=\"wpforms-required-label\" aria-hidden=\"true\">*<\/span><\/label><input type=\"number\" id=\"wpforms-10114-field_17\" class=\"wpforms-field-medium wpforms-field-required\" name=\"wpforms[fields][17]\" aria-errormessage=\"wpforms-10114-field_17-error\" required><\/div><div id=\"wpforms-10114-field_11-container\" class=\"wpforms-field wpforms-field-text\" data-field-id=\"11\"><label class=\"wpforms-field-label\" for=\"wpforms-10114-field_11\">Ort <span class=\"wpforms-required-label\" aria-hidden=\"true\">*<\/span><\/label><input type=\"text\" id=\"wpforms-10114-field_11\" class=\"wpforms-field-medium wpforms-field-required\" name=\"wpforms[fields][11]\" aria-errormessage=\"wpforms-10114-field_11-error\" required><\/div><div id=\"wpforms-10114-field_12-container\" class=\"wpforms-field wpforms-field-text\" data-field-id=\"12\"><label class=\"wpforms-field-label\" for=\"wpforms-10114-field_12\">Land<\/label><input type=\"text\" id=\"wpforms-10114-field_12\" class=\"wpforms-field-medium\" name=\"wpforms[fields][12]\" aria-errormessage=\"wpforms-10114-field_12-error\" ><\/div><div id=\"wpforms-10114-field_13-container\" class=\"wpforms-field wpforms-field-text\" data-field-id=\"13\"><label class=\"wpforms-field-label\" for=\"wpforms-10114-field_13\">Telefon<\/label><input type=\"text\" id=\"wpforms-10114-field_13\" class=\"wpforms-field-medium\" name=\"wpforms[fields][13]\" aria-errormessage=\"wpforms-10114-field_13-error\" ><\/div><div id=\"wpforms-10114-field_15-container\" class=\"wpforms-field wpforms-field-text\" data-field-id=\"15\"><label class=\"wpforms-field-label\" for=\"wpforms-10114-field_15\">Mobiltelefon<\/label><input type=\"text\" id=\"wpforms-10114-field_15\" class=\"wpforms-field-medium\" name=\"wpforms[fields][15]\" aria-errormessage=\"wpforms-10114-field_15-error\" ><\/div><div id=\"wpforms-10114-field_16-container\" class=\"wpforms-field wpforms-field-email\" data-field-id=\"16\"><label class=\"wpforms-field-label\" for=\"wpforms-10114-field_16\">E-Mail-Adresse <span class=\"wpforms-required-label\" aria-hidden=\"true\">*<\/span><\/label><input type=\"email\" id=\"wpforms-10114-field_16\" class=\"wpforms-field-medium wpforms-field-required\" name=\"wpforms[fields][16]\" spellcheck=\"false\" aria-errormessage=\"wpforms-10114-field_16-error\" required><\/div><div id=\"wpforms-10114-field_23-container\" class=\"wpforms-field wpforms-field-textarea\" data-field-id=\"23\"><label class=\"wpforms-field-label\" for=\"wpforms-10114-field_23\">Rechnungsanschrift<\/label><textarea id=\"wpforms-10114-field_23\" class=\"wpforms-field-medium\" name=\"wpforms[fields][23]\" aria-errormessage=\"wpforms-10114-field_23-error\" ><\/textarea><\/div><div id=\"wpforms-10114-field_24-container\" class=\"wpforms-field wpforms-field-text\" data-field-id=\"24\"><label class=\"wpforms-field-label\" for=\"wpforms-10114-field_24\">Purchase order number \/ Auftragsorder \/ Empf\u00e4nger der Rechnung<\/label><input type=\"text\" id=\"wpforms-10114-field_24\" class=\"wpforms-field-medium\" name=\"wpforms[fields][24]\" aria-errormessage=\"wpforms-10114-field_24-error\" ><\/div><div id=\"wpforms-10114-field_19-container\" class=\"wpforms-field wpforms-field-checkbox\" data-field-id=\"19\"><fieldset><legend class=\"wpforms-field-label\">Bitte best\u00e4tigen: <span class=\"wpforms-required-label\" aria-hidden=\"true\">*<\/span><\/legend><ul id=\"wpforms-10114-field_19\" class=\"wpforms-field-required\"><li class=\"choice-1 depth-1\"><input type=\"checkbox\" id=\"wpforms-10114-field_19_1\" name=\"wpforms[fields][19][]\" value=\"Bitte best\u00e4tigen Sie hier die kostenfreie\/kostenpflichtige Teilnahme an der Veranstaltung und die kostenfreie Mitgliedschaft in der CON\u2022ECT Community. Dadurch beauftragen Sie uns mit der dauerhaften Speicherung von Teilnahme-Best\u00e4tigungen, Zertifikaten, Teilnahmelisten, Fotos, Dokumenten von Veranstaltungen und erhalten regelm\u00e4\u00dfig unseren Newsletter und Post Aussendungen. (PDF)\" aria-errormessage=\"wpforms-10114-field_19_1-error\" required ><label class=\"wpforms-field-label-inline\" for=\"wpforms-10114-field_19_1\">Bitte best\u00e4tigen Sie hier die kostenfreie\/kostenpflichtige Teilnahme an der Veranstaltung und die kostenfreie Mitgliedschaft in der CON\u2022ECT Community. Dadurch beauftragen Sie uns mit der dauerhaften Speicherung von Teilnahme-Best\u00e4tigungen, Zertifikaten, Teilnahmelisten, Fotos, Dokumenten von Veranstaltungen und erhalten regelm\u00e4\u00dfig unseren Newsletter und Post Aussendungen. (PDF)<\/label><\/li><li class=\"choice-2 depth-1\"><input type=\"checkbox\" id=\"wpforms-10114-field_19_2\" name=\"wpforms[fields][19][]\" value=\"Es gelten unsere AGBs f\u00fcr Veranstaltungen\" aria-errormessage=\"wpforms-10114-field_19_2-error\" required ><label class=\"wpforms-field-label-inline\" for=\"wpforms-10114-field_19_2\">Es gelten unsere AGBs f\u00fcr Veranstaltungen<\/label><\/li><li class=\"choice-3 depth-1\"><input type=\"checkbox\" id=\"wpforms-10114-field_19_3\" name=\"wpforms[fields][19][]\" value=\"Ich stimme den Datenschutzbestimmungen der CON\u2022ECT \/ des Future Network zu\" aria-errormessage=\"wpforms-10114-field_19_3-error\" required ><label class=\"wpforms-field-label-inline\" for=\"wpforms-10114-field_19_3\">Ich stimme den Datenschutzbestimmungen der CON\u2022ECT \/ des Future Network zu<\/label><\/li><\/ul><\/fieldset><\/div><script>\n\t\t\t\t( function() {\n\t\t\t\t\tconst style = document.createElement( 'style' );\n\t\t\t\t\tstyle.appendChild( document.createTextNode( '#wpforms-10114-field_1-container { position: absolute !important; overflow: hidden !important; display: inline !important; height: 1px !important; width: 1px !important; z-index: -1000 !important; padding: 0 !important; } #wpforms-10114-field_1-container input { visibility: hidden; } #wpforms-conversational-form-page #wpforms-10114-field_1-container label { counter-increment: none; }' ) );\n\t\t\t\t\tdocument.head.appendChild( style );\n\t\t\t\t\tdocument.currentScript?.remove();\n\t\t\t\t} )();\n\t\t\t<\/script><\/div><!-- .wpforms-field-container --><div class=\"wpforms-submit-container\" ><input type=\"hidden\" name=\"wpforms[id]\" value=\"10114\"><input type=\"hidden\" name=\"page_title\" value=\"\"><input type=\"hidden\" name=\"page_url\" value=\"https:\/\/www.conect.at\/en\/wp-json\/wp\/v2\/pages\/10120\"><button type=\"submit\" name=\"wpforms[submit]\" id=\"wpforms-submit-10114\" class=\"wpforms-submit\" data-alt-text=\"Wird gesendet\u00a0\u2026\" data-submit-text=\"anmelden\" aria-live=\"assertive\" value=\"wpforms-submit\">anmelden<\/button><img src=\"https:\/\/www.conect.at\/wp-content\/plugins\/wpforms-lite\/assets\/images\/submit-spin.svg\" class=\"wpforms-submit-spinner\" style=\"display: none;\" width=\"26\" height=\"26\" alt=\"Loading\"><\/div><\/form><\/div>  <!-- .wpforms-container -->\n<p>&nbsp;<\/p>\n","protected":false},"excerpt":{"rendered":"<p>Termine Modul 1: 14. Juli 2025 Modul 2: 15. Juli 2025 Modul 3: 16. Juli 2025 Modul 4: 28. Juli 2025 Modul 5: 29. Juli 2025 Modul 6: 30. Juli 2025 Preise Gesamtlehrgang: \u20ac 4.400,\u2013 Fr\u00fchbucher*: 3.800,\u2013 Einzelmodul: \u20ac 1.100,\u2013 Fr\u00fchbucher*: \u20ac 900,\u2013 *Bis 4 Wochen vor Kurstermin Alle Preise zuz\u00fcglich 20% MwSt. &nbsp;<\/p>\n","protected":false},"author":6,"featured_media":0,"parent":0,"menu_order":93,"comment_status":"closed","ping_status":"closed","template":"","meta":[],"_links":{"self":[{"href":"https:\/\/www.conect.at\/en\/wp-json\/wp\/v2\/pages\/10120"}],"collection":[{"href":"https:\/\/www.conect.at\/en\/wp-json\/wp\/v2\/pages"}],"about":[{"href":"https:\/\/www.conect.at\/en\/wp-json\/wp\/v2\/types\/page"}],"author":[{"embeddable":true,"href":"https:\/\/www.conect.at\/en\/wp-json\/wp\/v2\/users\/6"}],"replies":[{"embeddable":true,"href":"https:\/\/www.conect.at\/en\/wp-json\/wp\/v2\/comments?post=10120"}],"version-history":[{"count":0,"href":"https:\/\/www.conect.at\/en\/wp-json\/wp\/v2\/pages\/10120\/revisions"}],"wp:attachment":[{"href":"https:\/\/www.conect.at\/en\/wp-json\/wp\/v2\/media?parent=10120"}],"curies":[{"name":"wp","href":"https:\/\/api.w.org\/{rel}","templated":true}]}}